{"id":2682,"date":"2022-03-02T13:53:41","date_gmt":"2022-03-02T12:53:41","guid":{"rendered":"https:\/\/emhd.nl\/concept\/lemerou\/omgeving\/"},"modified":"2022-04-11T19:35:50","modified_gmt":"2022-04-11T18:35:50","slug":"tourisme","status":"publish","type":"page","link":"https:\/\/campinglemerou.com\/fr\/tourisme\/","title":{"rendered":"Tourisme"},"content":{"rendered":"<div class=\"wpb-content-wrapper\"><p>[vc_row][vc_column]<div id=\"sc_title_1923840247\"\r\n\t\tclass=\"sc_title sc_title_default\"><h3 class=\"sc_item_title sc_title_title sc_align_left sc_item_title_style_default\">TOURISME<\/h3><\/div><!-- \/.sc_title -->[vc_empty_space hide_on_mobile=\u00a0\u00bb\u00a0\u00bb][\/vc_column][\/vc_row][vc_row][vc_column][vc_column_text]<strong>Vous avez retrouv\u00e9 le calme et souhaitez vous distraire, vous \u00eates dans la bonne r\u00e9gion!<\/strong><\/p>\n<p>Notre camping situ\u00e9 en limite des d\u00e9partements du Tarn et Garonne et du Lot et Aveyron, vous offre un cadre tr\u00e8s vari\u00e9.<br \/>\nLe village le plus proche est Caylus \u00e0 10 kms. C\u2019est un petit village du moyen-\u00e2ge o\u00f9 vous d\u00e9couvrirez sa charmante \u00e9glise et sa statue du Christ de Zadkin. Caylus a une fonction r\u00e9gionale et vous accueille dans sa banque, son bureau de poste, son h\u00f4tel, ses magasins d\u2019alimentation et son petit march\u00e9 deux fois par semaine. Vous y trouverez \u00e9galement les terrasses et les restaurants ainsi que les march\u00e9s aux puces, les march\u00e9s nocturnes et les activit\u00e9s de plein-air en \u00e9t\u00e9.<\/p>\n<p>Aux alentours, vous pourrez visiter les villages et villes m\u00e9di\u00e9vales suivantes :<br \/>\nSt. Antonin noble Val, Cordes sur Ciel, Albi, St Cirq Lapopie, Villefranche de Rouergue, Penne, Bruniquel, Najac, Caussade, Montauban, et plus loin Toulouse.<br \/>\nPour les amateurs, le Ch\u00e2teau de la reine Margot \u00e0 Saint Projet est accessible \u00e0 pieds du camping, et le Ch\u00e2teau de Cas \u00e0 Espinas se situe \u00e0 12 kms.<br \/>\nEgalement de magnifiques sentiers p\u00e9destres vous feront d\u00e9couvrir le Tarn et Garonne avec son territoire vallonn\u00e9, ses beaux panoramas, ses for\u00eats et ses rivi\u00e8res. Mais aussi vous serez surpris par la verdure, la multitude des arbres, des fleurs et des buissons que vous offre la r\u00e9gion et le parc national des Causses du Quercy.<br \/>\nCertains de ses sentiers partent du camping. N\u2019h\u00e9sitez pas \u00e0 nous demander les cartes de ces circuits, elles vous attendent \u00e0 la Bergerie. Si vous aimez les activit\u00e9s captivantes, vous pourrez faire du cano\u00eb sur l\u2019Aveyron ou faire de l\u2019escalade \u00e0 Saint-Antonin-Noble-Val et pour les coureurs cyclistes, n\u2019oubliez pas votre v\u00e9lo de course!<\/p>\n<div class=\"row-wrapper\">\n<div class=\"row\">\n<h3><strong>Curiosit\u00e9 et endroits \u00e0 visiter<\/strong><\/h3>\n<p><b><a href=\"http:\/\/www.saint-projet.com\/\" target=\"_blank\" rel=\"noopener\">Saint Projet<br \/>\n<\/a><\/b><b><a href=\"http:\/\/www.coll82.com\/loze\/pageLibre00010029.html\" target=\"_blank\" rel=\"noopener\">Loze<br \/>\n<\/a><\/b><b><a href=\"http:\/\/www.saint-antonin-noble-val.com\/\" target=\"_blank\" rel=\"noopener\">Saint-Antonin-Noble-Val<br \/>\n<\/a><\/b><b><a href=\"http:\/\/www.villefranche.com\/\" target=\"_blank\" rel=\"noopener\">Villefranche- de- Rouerque<br \/>\n<\/a><\/b><b><a href=\"http:\/\/www.regionsdefrance.com\/najac\/\" target=\"_blank\" rel=\"noopener\">Najac<br \/>\n<\/a><\/b><b><a href=\"http:\/\/www.saint-cirqlapopie.com\/\" target=\"_blank\" rel=\"noopener\">Saint-Cirqlapopie<br \/>\n<\/a><\/b><b><a href=\"http:\/\/www.tourisme82.com\/\" target=\"_blank\" rel=\"noopener\">Tarn et Garonne<br \/>\n<\/a><\/b><b><a href=\"http:\/\/www.parc-causses-du-quercy.fr\/\" target=\"_blank\" rel=\"noopener\">Regionaal park des Causses du Quercy<br \/>\n<\/a><\/b><a href=\"http:\/\/www.geocaching.com\/\" target=\"_blank\" rel=\"noopener\"><b>Geocaching<\/b><\/a><\/p>\n<div class=\"six columns b10\">\n<p><strong>Actif<\/strong><\/p>\n<p><a href=\"http:\/\/www.villefranche.com\/fr\/sports-activites\/index.php\" target=\"_blank\" rel=\"noopener\"><b>Sport diverse<\/b><\/a><br \/>\n<b><a href=\"http:\/\/www.saint-antonin-noble-val.com\/informationsTouristiques\/listeLieux000200f3.html\" target=\"_blank\" rel=\"noopener\">Kano\u00ebn<br \/>\n<\/a><\/b><a href=\"http:\/\/www.vert-marine.com\/cap-decouverte-le-garric-81\/\" target=\"_blank\" rel=\"noopener\"><b>Adventure park<\/b><\/a><\/p>\n<\/div>\n<\/div>\n<\/div>\n<div class=\"row-wrapper\">\n<div class=\"row\">\n<div class=\"six columns b10\">&nbsp;<\/div>\n<\/div>\n<\/div>\n<p>[\/vc_column_text][vc_empty_space alter_height=\u00a0\u00bbsmall\u00a0\u00bb hide_on_mobile=\u00a0\u00bb\u00a0\u00bb][\/vc_column][\/vc_row][vc_row][vc_column][vc_column_text]<\/p>\n<p>ngg_shortcode_0_placeholder[\/vc_column_text][\/vc_column][\/vc_row]<\/p>\n<\/div>","protected":false},"excerpt":{"rendered":"<p>[vc_row][vc_column][vc_empty_space hide_on_mobile=\u00a0\u00bb\u00a0\u00bb][\/vc_column][\/vc_row][vc_row][vc_column][vc_column_text]Vous avez retrouv\u00e9 le calme et souhaitez vous distraire, vous \u00eates dans la bonne r\u00e9gion! Notre camping situ\u00e9 en limite des d\u00e9partements du Tarn et Garonne et du Lot et Aveyron, vous offre un cadre tr\u00e8s vari\u00e9. Le village le plus proche est Caylus \u00e0 10 kms. C\u2019est un petit village du moyen-\u00e2ge o\u00f9 vous d\u00e9couvrirez sa charmante \u00e9glise&hellip;<\/p>\n","protected":false},"author":1,"featured_media":0,"parent":0,"menu_order":0,"comment_status":"closed","ping_status":"closed","template":"","meta":{"ngg_post_thumbnail":0,"_joinchat":[],"footnotes":""},"class_list":["post-2682","page","type-page","status-publish","hentry"],"_links":{"self":[{"href":"https:\/\/campinglemerou.com\/fr\/wp-json\/wp\/v2\/pages\/2682","targetHints":{"allow":["GET"]}}],"collection":[{"href":"https:\/\/campinglemerou.com\/fr\/wp-json\/wp\/v2\/pages"}],"about":[{"href":"https:\/\/campinglemerou.com\/fr\/wp-json\/wp\/v2\/types\/page"}],"author":[{"embeddable":true,"href":"https:\/\/campinglemerou.com\/fr\/wp-json\/wp\/v2\/users\/1"}],"replies":[{"embeddable":true,"href":"https:\/\/campinglemerou.com\/fr\/wp-json\/wp\/v2\/comments?post=2682"}],"version-history":[{"count":1,"href":"https:\/\/campinglemerou.com\/fr\/wp-json\/wp\/v2\/pages\/2682\/revisions"}],"predecessor-version":[{"id":2685,"href":"https:\/\/campinglemerou.com\/fr\/wp-json\/wp\/v2\/pages\/2682\/revisions\/2685"}],"wp:attachment":[{"href":"https:\/\/campinglemerou.com\/fr\/wp-json\/wp\/v2\/media?parent=2682"}],"curies":[{"name":"wp","href":"https:\/\/api.w.org\/{rel}","templated":true}]}}