{"id":2672,"date":"2022-03-02T13:52:51","date_gmt":"2022-03-02T12:52:51","guid":{"rendered":"https:\/\/emhd.nl\/concept\/lemerou\/terrein\/"},"modified":"2022-04-11T19:29:48","modified_gmt":"2022-04-11T18:29:48","slug":"terrain","status":"publish","type":"page","link":"https:\/\/campinglemerou.com\/fr\/terrain\/","title":{"rendered":"Terrain"},"content":{"rendered":"<div class=\"wpb-content-wrapper\"><p>[vc_row][vc_column]<div id=\"sc_title_1313232407\"\r\n\t\tclass=\"sc_title sc_title_default\"><h3 class=\"sc_item_title sc_title_title sc_align_left sc_item_title_style_default\">TERRAIN<\/h3><\/div><!-- \/.sc_title -->[vc_empty_space hide_on_mobile=\u00a0\u00bb\u00a0\u00bb][\/vc_column][\/vc_row][vc_row][vc_column][vc_column_text]<strong>Si vous souhaitez le calme et l\u2019espace, le camping \u2018\u2019Le M\u00e9rou\u2019\u2019 va vous enchanter.<\/strong><\/p>\n<p>Nos emplacements sont de minimum 130 m\u00b2 et se situent sur trois terrains diff\u00e9rents. Si vous le souhaitez, vous pouvez choisir de camper sous les arbres ou sur le terrain non abrit\u00e9 avec vue sur les terres. Vous \u00eates libre du choix de votre emplacement. Tous nos emplacements sont \u00e9quip\u00e9s d\u2019\u00e9lectricit\u00e9. Pour ceux qui le souhaitent, la tente peut \u00eatre plac\u00e9e au milieu de la foret. Nous avons quelques places sans \u00e9lectricit\u00e9.[\/vc_column_text][\/vc_column][\/vc_row][vc_row][vc_column][vc_column_text]<\/p>\n<p>ngg_shortcode_0_placeholder[\/vc_column_text][vc_empty_space alter_height=\u00a0\u00bbsmall\u00a0\u00bb hide_on_mobile=\u00a0\u00bb\u00a0\u00bb][\/vc_column][\/vc_row][vc_row][vc_column][vc_column_text]Le Sauna (2018)<\/p>\n<p>ngg_shortcode_1_placeholder[\/vc_column_text][vc_empty_space alter_height=\u00a0\u00bbsmall\u00a0\u00bb hide_on_mobile=\u00a0\u00bb\u00a0\u00bb][\/vc_column][\/vc_row][vc_row][vc_column][vc_column_text]<strong>La piscine<\/strong><\/p>\n<p>La piscine et la terrasse sont situ\u00e9es plein sud, les chaises longues vous attendent!<\/p>\n<p>ngg_shortcode_2_placeholder[\/vc_column_text][vc_empty_space alter_height=\u00a0\u00bbsmall\u00a0\u00bb hide_on_mobile=\u00a0\u00bb\u00a0\u00bb][\/vc_column][\/vc_row][vc_row][vc_column][vc_column_text]<strong>La bergerie<\/strong><\/p>\n<p>Notre salle de la Bergerie vous propose l\u2019 accueil chaleureux au domaine du M\u00e9rou. Vous pourrez y trouver tout ce qui concerne les repas et les boissons ainsi que les activit\u00e9s propos\u00e9es par Mia en Bert.<\/p>\n<p>ngg_shortcode_3_placeholder[\/vc_column_text][vc_empty_space alter_height=\u00a0\u00bbsmall\u00a0\u00bb hide_on_mobile=\u00a0\u00bb\u00a0\u00bb][\/vc_column][\/vc_row][vc_row][vc_column][vc_column_text]<strong>Emplacements de jeu<\/strong><\/p>\n<p>Trois emplacements de camping sont \u00e9quip\u00e9s d\u2019\u00e9l\u00e9ments de jeux pour les plus petis. A la Bergerie, le coin bricolage vous offre toutes sortes de mati\u00e8res afin de r\u00e9aliser vos cr\u00e9ativit\u00e9s. Les enfants peuvent se d\u00e9fouler avec les v\u00e9los, les trottinettes et les charriots sp\u00e9cialement mis \u00e0 leur disposition. Pour les plus hardis, la for\u00eat les attend avec 2 trampolines et les cabanes en bois, Il est possible pour les enfants qui le souhaitent eux-m\u00eame de faire du cirque, une comp\u00e9tition de dessin, un cache-cache ou de danser.<\/p>\n<p>ngg_shortcode_4_placeholder[\/vc_column_text][\/vc_column][\/vc_row]<\/p>\n<\/div>","protected":false},"excerpt":{"rendered":"<p>[vc_row][vc_column][vc_empty_space hide_on_mobile=\u00a0\u00bb\u00a0\u00bb][\/vc_column][\/vc_row][vc_row][vc_column][vc_column_text]Si vous souhaitez le calme et l\u2019espace, le camping \u2018\u2019Le M\u00e9rou\u2019\u2019 va vous enchanter. Nos emplacements sont de minimum 130 m\u00b2 et se situent sur trois terrains diff\u00e9rents. Si vous le souhaitez, vous pouvez choisir de camper sous les arbres ou sur le terrain non abrit\u00e9 avec vue sur les terres. Vous \u00eates libre du choix de votre emplacement.&hellip;<\/p>\n","protected":false},"author":1,"featured_media":0,"parent":0,"menu_order":0,"comment_status":"closed","ping_status":"closed","template":"","meta":{"ngg_post_thumbnail":0,"_joinchat":[],"footnotes":""},"class_list":["post-2672","page","type-page","status-publish","hentry"],"_links":{"self":[{"href":"https:\/\/campinglemerou.com\/fr\/wp-json\/wp\/v2\/pages\/2672","targetHints":{"allow":["GET"]}}],"collection":[{"href":"https:\/\/campinglemerou.com\/fr\/wp-json\/wp\/v2\/pages"}],"about":[{"href":"https:\/\/campinglemerou.com\/fr\/wp-json\/wp\/v2\/types\/page"}],"author":[{"embeddable":true,"href":"https:\/\/campinglemerou.com\/fr\/wp-json\/wp\/v2\/users\/1"}],"replies":[{"embeddable":true,"href":"https:\/\/campinglemerou.com\/fr\/wp-json\/wp\/v2\/comments?post=2672"}],"version-history":[{"count":2,"href":"https:\/\/campinglemerou.com\/fr\/wp-json\/wp\/v2\/pages\/2672\/revisions"}],"predecessor-version":[{"id":2677,"href":"https:\/\/campinglemerou.com\/fr\/wp-json\/wp\/v2\/pages\/2672\/revisions\/2677"}],"wp:attachment":[{"href":"https:\/\/campinglemerou.com\/fr\/wp-json\/wp\/v2\/media?parent=2672"}],"curies":[{"name":"wp","href":"https:\/\/api.w.org\/{rel}","templated":true}]}}