{"id":2654,"date":"2022-03-02T13:59:08","date_gmt":"2022-03-02T12:59:08","guid":{"rendered":"https:\/\/emhd.nl\/concept\/lemerou\/eten-en-drinken\/"},"modified":"2022-04-11T19:20:32","modified_gmt":"2022-04-11T18:20:32","slug":"boire-et-manager","status":"publish","type":"page","link":"https:\/\/campinglemerou.com\/fr\/boire-et-manager\/","title":{"rendered":"Boire et manager"},"content":{"rendered":"<div class=\"wpb-content-wrapper\"><p>[vc_row][vc_column]<div id=\"sc_title_387666910\"\r\n\t\tclass=\"sc_title sc_title_default\"><h3 class=\"sc_item_title sc_title_title sc_align_left sc_item_title_style_default\">BOIRE ET MANGER<\/h3><\/div><!-- \/.sc_title -->[vc_empty_space hide_on_mobile=\u00a0\u00bb\u00a0\u00bb][\/vc_column][\/vc_row][vc_row][vc_column][vc_column_text]<b>able d\u2019h\u00f4tes<\/b><\/p>\n<p>Bert et Mia vous proposeront le mercredi un d\u00e9licieux repas. Le menu sera compos\u00e9 de trois plats et servi avec vin.<\/p>\n<p><b>Les autres soirs (sauf le jeudi)<\/b><\/p>\n<p>Vous serez accueillis au bar pour des friandises.<br \/>\nLes frites, mais aussi toutes sortes de snack.<\/p>\n<p><b>Les glaces<\/b><\/p>\n<p>Pour les gourmands, l\u2019\u00e9t\u00e9 n\u2019existe pas sans glace.<br \/>\nNous avons au M\u00e9rou, une panoplie de parfum, faites vos choix !<\/p>\n<p><b>Chaque jour<\/b><\/p>\n<p>A partir de mi-juin vous pourrez prendre la commande de votre pain frais \u00e0 la Bergerie.<\/p>\n<p><b>Les courses<\/b><\/p>\n<p>Vous pourrez faire vos courses \u00e0 Caylus, c\u2019est seulement \u00e0 10 min en voiture. Deux fois par semaine il y a un march\u00e9 et pour les courses journali\u00e8res vous trouverez une boucherie-charcuterie, un primeur, et un petit casino. Tous les autres grands magasins se situent \u00e0 Villefranche-de-Rouerque et Caussade \u00e0 environ trente minutes en voiture.[\/vc_column_text][\/vc_column][\/vc_row][vc_row][vc_column][vc_column_text]<\/p>\n<p>ngg_shortcode_0_placeholder[\/vc_column_text][\/vc_column][\/vc_row]<\/p>\n<\/div>","protected":false},"excerpt":{"rendered":"<p>[vc_row][vc_column][vc_empty_space hide_on_mobile=\u00a0\u00bb\u00a0\u00bb][\/vc_column][\/vc_row][vc_row][vc_column][vc_column_text]able d\u2019h\u00f4tes Bert et Mia vous proposeront le mercredi un d\u00e9licieux repas. Le menu sera compos\u00e9 de trois plats et servi avec vin. Les autres soirs (sauf le jeudi) Vous serez accueillis au bar pour des friandises. Les frites, mais aussi toutes sortes de snack. Les glaces Pour les gourmands, l\u2019\u00e9t\u00e9 n\u2019existe pas sans glace. Nous avons au M\u00e9rou,&hellip;<\/p>\n","protected":false},"author":1,"featured_media":0,"parent":0,"menu_order":0,"comment_status":"closed","ping_status":"closed","template":"","meta":{"ngg_post_thumbnail":0,"_joinchat":[],"footnotes":""},"class_list":["post-2654","page","type-page","status-publish","hentry"],"_links":{"self":[{"href":"https:\/\/campinglemerou.com\/fr\/wp-json\/wp\/v2\/pages\/2654","targetHints":{"allow":["GET"]}}],"collection":[{"href":"https:\/\/campinglemerou.com\/fr\/wp-json\/wp\/v2\/pages"}],"about":[{"href":"https:\/\/campinglemerou.com\/fr\/wp-json\/wp\/v2\/types\/page"}],"author":[{"embeddable":true,"href":"https:\/\/campinglemerou.com\/fr\/wp-json\/wp\/v2\/users\/1"}],"replies":[{"embeddable":true,"href":"https:\/\/campinglemerou.com\/fr\/wp-json\/wp\/v2\/comments?post=2654"}],"version-history":[{"count":1,"href":"https:\/\/campinglemerou.com\/fr\/wp-json\/wp\/v2\/pages\/2654\/revisions"}],"predecessor-version":[{"id":2657,"href":"https:\/\/campinglemerou.com\/fr\/wp-json\/wp\/v2\/pages\/2654\/revisions\/2657"}],"wp:attachment":[{"href":"https:\/\/campinglemerou.com\/fr\/wp-json\/wp\/v2\/media?parent=2654"}],"curies":[{"name":"wp","href":"https:\/\/api.w.org\/{rel}","templated":true}]}}