{"id":2646,"date":"2022-03-02T13:58:07","date_gmt":"2022-03-02T12:58:07","guid":{"rendered":"https:\/\/emhd.nl\/concept\/lemerou\/voorzieningen\/"},"modified":"2022-04-11T19:14:57","modified_gmt":"2022-04-11T18:14:57","slug":"les-equipements","status":"publish","type":"page","link":"https:\/\/campinglemerou.com\/fr\/les-equipements\/","title":{"rendered":"Les \u00c9quipements"},"content":{"rendered":"<div class=\"wpb-content-wrapper\"><p>[vc_row][vc_column]<div id=\"sc_title_641929166\"\r\n\t\tclass=\"sc_title sc_title_default\"><h3 class=\"sc_item_title sc_title_title sc_align_left sc_item_title_style_default\">LES \u00c9QUIPEMENTS<\/h3><\/div><!-- \/.sc_title -->[vc_empty_space hide_on_mobile=\u00a0\u00bb\u00a0\u00bb][\/vc_column][\/vc_row][vc_row][vc_column][vc_column_text]<strong>Terrain<\/strong><\/p>\n<p>25 grands emplacements (25 avec \u00e9lectricit\u00e9)<br \/>\nPlace de parking central durant la haute saison<br \/>\nPiscine avec chaises longues<br \/>\nWifi&nbsp;<br \/>\nDEFIBRILLATEUR<\/p>\n<p><strong>La bergerie<\/strong><\/p>\n<p>A l\u2019int\u00e9rieur comme \u00e0 l\u2019ext\u00e9rieur de la Bergerie, vous pourrez vous y retrouver pour les repas, les boissons et les activit\u00e9s.<br \/>\n.<br \/>\nChaque jour, pain frais de la Boulangerie<br \/>\nSalle de s\u00e9jour de rencontre avec chemin\u00e9e<br \/>\nBiblioth\u00e8que<br \/>\nJeux de soci\u00e9t\u00e9<br \/>\n2 Terrasse<br \/>\nBar ext\u00e9rieur<\/p>\n<p><b><\/b><strong>A louer<\/strong><\/p>\n<p>Chalet en bois<br \/>\nTente Safari<br \/>\nPetits r\u00e9frig\u00e9rateurs.<\/p>\n<p><strong>Le bloc sanitaire<\/strong><\/p>\n<p>5 douches (chaud)<br \/>\n4 lavabos<br \/>\n4 \u00e9viers<br \/>\n1 place de lavage<br \/>\n5 toilettes<br \/>\n1 douche handicap\u00e9 et 1 large WC.<br \/>\nPetit bassin b\u00e9b\u00e9 avec table de change<br \/>\nMachines \u00e0 laver<br \/>\nS\u00e8che-linge<br \/>\nMicro-onde<br \/>\nCong\u00e9lateur<\/p>\n<p>Vous trouverez le papier toilette, le savon, le produit \u00e0 vaisselle et le gel douche \u00e0 votre disposition dans les sanitaires.<br \/>\nAu M\u00e9rou, vous pourrez vider votre toilette chimique \u00e9quip\u00e9e de liquide bioloqique.<\/p>\n<p><strong>Divers<\/strong><\/p>\n<p>Boulodrome<br \/>\nTables de ping-pong<br \/>\nBalan\u00e7oires<br \/>\nJeux \u00e0 ressort<br \/>\nBac \u00e0 sable<br \/>\nCabanes foresti\u00e8res<br \/>\nTrampoline<br \/>\nLes v\u00e9los enfants, les trottinettes, le jeu de boules et autres jeux<br \/>\nsont enti\u00e8rement mis \u00e0 votre disposition.[\/vc_column_text][\/vc_column][\/vc_row]<\/p>\n<\/div>","protected":false},"excerpt":{"rendered":"<p>[vc_row][vc_column][vc_empty_space hide_on_mobile=\u00a0\u00bb\u00a0\u00bb][\/vc_column][\/vc_row][vc_row][vc_column][vc_column_text]Terrain 25 grands emplacements (25 avec \u00e9lectricit\u00e9) Place de parking central durant la haute saison Piscine avec chaises longues Wifi&nbsp; DEFIBRILLATEUR La bergerie A l\u2019int\u00e9rieur comme \u00e0 l\u2019ext\u00e9rieur de la Bergerie, vous pourrez vous y retrouver pour les repas, les boissons et les activit\u00e9s. . Chaque jour, pain frais de la Boulangerie Salle de s\u00e9jour de rencontre avec chemin\u00e9e&hellip;<\/p>\n","protected":false},"author":1,"featured_media":0,"parent":0,"menu_order":0,"comment_status":"closed","ping_status":"closed","template":"","meta":{"ngg_post_thumbnail":0,"_joinchat":[],"footnotes":""},"class_list":["post-2646","page","type-page","status-publish","hentry"],"_links":{"self":[{"href":"https:\/\/campinglemerou.com\/fr\/wp-json\/wp\/v2\/pages\/2646","targetHints":{"allow":["GET"]}}],"collection":[{"href":"https:\/\/campinglemerou.com\/fr\/wp-json\/wp\/v2\/pages"}],"about":[{"href":"https:\/\/campinglemerou.com\/fr\/wp-json\/wp\/v2\/types\/page"}],"author":[{"embeddable":true,"href":"https:\/\/campinglemerou.com\/fr\/wp-json\/wp\/v2\/users\/1"}],"replies":[{"embeddable":true,"href":"https:\/\/campinglemerou.com\/fr\/wp-json\/wp\/v2\/comments?post=2646"}],"version-history":[{"count":1,"href":"https:\/\/campinglemerou.com\/fr\/wp-json\/wp\/v2\/pages\/2646\/revisions"}],"predecessor-version":[{"id":2650,"href":"https:\/\/campinglemerou.com\/fr\/wp-json\/wp\/v2\/pages\/2646\/revisions\/2650"}],"wp:attachment":[{"href":"https:\/\/campinglemerou.com\/fr\/wp-json\/wp\/v2\/media?parent=2646"}],"curies":[{"name":"wp","href":"https:\/\/api.w.org\/{rel}","templated":true}]}}