{"id":2621,"date":"2022-03-02T13:57:21","date_gmt":"2022-03-02T12:57:21","guid":{"rendered":"https:\/\/emhd.nl\/concept\/lemerou\/kampeerplaatsen\/"},"modified":"2022-04-11T19:03:42","modified_gmt":"2022-04-11T18:03:42","slug":"emplacements","status":"publish","type":"page","link":"https:\/\/campinglemerou.com\/fr\/emplacements\/","title":{"rendered":"Les Emplacements"},"content":{"rendered":"<div class=\"wpb-content-wrapper\"><p>[vc_row][vc_column]<div id=\"sc_title_2145875815\"\r\n\t\tclass=\"sc_title sc_title_default\"><h3 class=\"sc_item_title sc_title_title sc_align_left sc_item_title_style_default\">LES EMPLACEMENTS<\/h3><\/div><!-- \/.sc_title -->[vc_empty_space hide_on_mobile=\u00a0\u00bb\u00a0\u00bb][\/vc_column][\/vc_row][vc_row][vc_column][vc_column_text]Si vous souhaitez le calme et l\u2019espace, le camping \u2018\u2019Le M\u00e9rou\u2019\u2019 va vous enchanter. Nos emplacements sont de minimum 130 m\u00b2 et se situent sur trois terrains diff\u00e9rents. Si vous le souhaitez, vous pouvez choisir de camper sous les arbres ou sur le terrain non abrit\u00e9 avec vue sur les terres. Vous \u00eates libre du choix de votre emplacement. Presque tous nos emplacements sont \u00e9quip\u00e9s d\u2019\u00e9lectricit\u00e9. Pour ceux qui le souhaitent, la tente peut \u00eatre plac\u00e9e au milieu de la foret.[\/vc_column_text][\/vc_column][\/vc_row][vc_row][vc_column][vc_column_text]<\/p>\n<p>ngg_shortcode_0_placeholder[\/vc_column_text][\/vc_column][\/vc_row]<\/p>\n<\/div>","protected":false},"excerpt":{"rendered":"<p>[vc_row][vc_column][vc_empty_space hide_on_mobile=\u00a0\u00bb\u00a0\u00bb][\/vc_column][\/vc_row][vc_row][vc_column][vc_column_text]Si vous souhaitez le calme et l\u2019espace, le camping \u2018\u2019Le M\u00e9rou\u2019\u2019 va vous enchanter. Nos emplacements sont de minimum 130 m\u00b2 et se situent sur trois terrains diff\u00e9rents. Si vous le souhaitez, vous pouvez choisir de camper sous les arbres ou sur le terrain non abrit\u00e9 avec vue sur les terres. Vous \u00eates libre du choix de votre emplacement.&hellip;<\/p>\n","protected":false},"author":1,"featured_media":0,"parent":0,"menu_order":0,"comment_status":"closed","ping_status":"closed","template":"","meta":{"ngg_post_thumbnail":0,"_joinchat":[],"footnotes":""},"class_list":["post-2621","page","type-page","status-publish","hentry"],"_links":{"self":[{"href":"https:\/\/campinglemerou.com\/fr\/wp-json\/wp\/v2\/pages\/2621","targetHints":{"allow":["GET"]}}],"collection":[{"href":"https:\/\/campinglemerou.com\/fr\/wp-json\/wp\/v2\/pages"}],"about":[{"href":"https:\/\/campinglemerou.com\/fr\/wp-json\/wp\/v2\/types\/page"}],"author":[{"embeddable":true,"href":"https:\/\/campinglemerou.com\/fr\/wp-json\/wp\/v2\/users\/1"}],"replies":[{"embeddable":true,"href":"https:\/\/campinglemerou.com\/fr\/wp-json\/wp\/v2\/comments?post=2621"}],"version-history":[{"count":1,"href":"https:\/\/campinglemerou.com\/fr\/wp-json\/wp\/v2\/pages\/2621\/revisions"}],"predecessor-version":[{"id":2625,"href":"https:\/\/campinglemerou.com\/fr\/wp-json\/wp\/v2\/pages\/2621\/revisions\/2625"}],"wp:attachment":[{"href":"https:\/\/campinglemerou.com\/fr\/wp-json\/wp\/v2\/media?parent=2621"}],"curies":[{"name":"wp","href":"https:\/\/api.w.org\/{rel}","templated":true}]}}