{"id":2179,"date":"2022-03-02T13:52:12","date_gmt":"2022-03-02T12:52:12","guid":{"rendered":"https:\/\/emhd.nl\/concept\/lemerou\/verhuur\/"},"modified":"2023-10-10T11:07:05","modified_gmt":"2023-10-10T10:07:05","slug":"locations","status":"publish","type":"page","link":"https:\/\/campinglemerou.com\/fr\/locations\/","title":{"rendered":"Locations"},"content":{"rendered":"<div class=\"wpb-content-wrapper\"><p>[vc_row][vc_column]<div id=\"sc_title_1065635205\"\r\n\t\tclass=\"sc_title sc_title_default\"><h3 class=\"sc_item_title sc_title_title sc_align_left sc_item_title_style_default\">LOCATIONS<\/h3><\/div><!-- \/.sc_title -->[vc_empty_space hide_on_mobile=\u00a0\u00bb\u00a0\u00bb][vc_column_text]Vous voulez volontiers partir en vacances sans trop de baguages, dormir sur un bon matelas et<br \/>\nprofiter de tous les avantages du camping? Nous vous offrons la possibilit\u00e9 de louer nos<br \/>\nchalets ou nos tentes Safari.[\/vc_column_text][vc_empty_space alter_height=\u00a0\u00bbmedium\u00a0\u00bb hide_on_mobile=\u00a0\u00bb\u00a0\u00bb][\/vc_column][\/vc_row][vc_row][vc_column][vc_column_text]<strong>Mobil-home<\/strong><\/p>\n<p>En avril, nous recevons un tout nouveau mobil-home. Le mobil-home dispose d&rsquo;un s\u00e9jour avec canap\u00e9 convertible, de deux chambres, d&rsquo;une salle d&rsquo;eau spacieuse avec douche et lavabo, de toilette s\u00e9par\u00e9e et d&rsquo;une terrasse couverte. Convient pour 2 adultes et 4 enfants maximum. Le mobil-home est enti\u00e8rement meubl\u00e9. D&rsquo;un grand r\u00e9frig\u00e9rateur avec un compartiment cong\u00e9lateur spacieux aux meubles de jardin et presque tout le reste. Les couettes et les oreillers sont \u00e9galement fournis. Parce que la caravane n&rsquo;a pas encore \u00e9t\u00e9 livr\u00e9e, nous n&rsquo;avons pas encore de photos originales. Les couleurs, l&rsquo;ameublement et l&rsquo;ext\u00e9rieur diff\u00e8rent donc l\u00e9g\u00e8rement.<\/p>\n<p>ngg_shortcode_0_placeholder[\/vc_column_text][\/vc_column][\/vc_row][vc_row][vc_column][vc_empty_space alter_height=\u00a0\u00bbmedium\u00a0\u00bb hide_on_mobile=\u00a0\u00bb\u00a0\u00bb][vc_column_text]<strong>Le chalet<br \/>\n<\/strong>Le chalet se compose de 3 pi\u00e8ces de 3 m x 3 m. La pi\u00e8ce principale est am\u00e9nag\u00e9e avec une cuisine compl\u00e8te et un coin repas. Les 2 chambres de 2 personnes disposent comme dans les tentes Safari,de confortables lits et matelas. La v\u00e9randa du chalet se trouve au Sud. Vous pourrez utiliser les douches et les toilettes au bloc sanitaire.[\/vc_column_text][vc_column_text]ngg_shortcode_1_placeholder[\/vc_column_text][\/vc_column][\/vc_row][vc_row][vc_column][\/vc_column][\/vc_row][vc_row][vc_column][\/vc_column][\/vc_row][vc_row][vc_column][vc_column_text]<a href=\"https:\/\/campinglemerou.com\/wp-content\/uploads\/2023\/05\/inventaris-verhuur-2023-FR.pdf\">inventaire locations 2023 FR<\/a>[\/vc_column_text][\/vc_column][\/vc_row]<\/p>\n<\/div>","protected":false},"excerpt":{"rendered":"<p>[vc_row][vc_column][vc_empty_space hide_on_mobile=\u00a0\u00bb\u00a0\u00bb][vc_column_text]Vous voulez volontiers partir en vacances sans trop de baguages, dormir sur un bon matelas et profiter de tous les avantages du camping? Nous vous offrons la possibilit\u00e9 de louer nos chalets ou nos tentes Safari.[\/vc_column_text][vc_empty_space alter_height=\u00a0\u00bbmedium\u00a0\u00bb hide_on_mobile=\u00a0\u00bb\u00a0\u00bb][\/vc_column][\/vc_row][vc_row][vc_column][vc_column_text]Mobil-home En avril, nous recevons un tout nouveau mobil-home. Le mobil-home dispose d&rsquo;un s\u00e9jour avec canap\u00e9 convertible, de deux chambres, d&rsquo;une salle&hellip;<\/p>\n","protected":false},"author":1,"featured_media":0,"parent":0,"menu_order":0,"comment_status":"closed","ping_status":"closed","template":"","meta":{"ngg_post_thumbnail":0,"_joinchat":[],"footnotes":""},"class_list":["post-2179","page","type-page","status-publish","hentry"],"_links":{"self":[{"href":"https:\/\/campinglemerou.com\/fr\/wp-json\/wp\/v2\/pages\/2179","targetHints":{"allow":["GET"]}}],"collection":[{"href":"https:\/\/campinglemerou.com\/fr\/wp-json\/wp\/v2\/pages"}],"about":[{"href":"https:\/\/campinglemerou.com\/fr\/wp-json\/wp\/v2\/types\/page"}],"author":[{"embeddable":true,"href":"https:\/\/campinglemerou.com\/fr\/wp-json\/wp\/v2\/users\/1"}],"replies":[{"embeddable":true,"href":"https:\/\/campinglemerou.com\/fr\/wp-json\/wp\/v2\/comments?post=2179"}],"version-history":[{"count":55,"href":"https:\/\/campinglemerou.com\/fr\/wp-json\/wp\/v2\/pages\/2179\/revisions"}],"predecessor-version":[{"id":3456,"href":"https:\/\/campinglemerou.com\/fr\/wp-json\/wp\/v2\/pages\/2179\/revisions\/3456"}],"wp:attachment":[{"href":"https:\/\/campinglemerou.com\/fr\/wp-json\/wp\/v2\/media?parent=2179"}],"curies":[{"name":"wp","href":"https:\/\/api.w.org\/{rel}","templated":true}]}}