{"id":1828,"date":"2017-03-23T10:45:46","date_gmt":"2017-03-23T09:45:46","guid":{"rendered":"https:\/\/emhd.nl\/concept\/lemerou\/contact\/"},"modified":"2022-04-12T09:29:30","modified_gmt":"2022-04-12T08:29:30","slug":"contact","status":"publish","type":"page","link":"https:\/\/campinglemerou.com\/fr\/contact\/","title":{"rendered":"Contact"},"content":{"rendered":"<div class=\"wpb-content-wrapper\"><p>[vc_row][vc_column width=\u00a0\u00bb1\/2&Prime;]\n<div class=\"wpcf7 no-js\" id=\"wpcf7-f2749-o1\" lang=\"fr-FR\" dir=\"ltr\" data-wpcf7-id=\"2749\">\n<div class=\"screen-reader-response\"><p role=\"status\" aria-live=\"polite\" aria-atomic=\"true\"><\/p> <ul><\/ul><\/div>\n<form action=\"\/fr\/wp-json\/wp\/v2\/pages\/1828#wpcf7-f2749-o1\" method=\"post\" class=\"wpcf7-form init\" aria-label=\"Formulaire de contact\" novalidate=\"novalidate\" data-status=\"init\">\n<div style=\"display: none;\">\n<input type=\"hidden\" name=\"_wpcf7\" value=\"2749\" \/>\n<input type=\"hidden\" name=\"_wpcf7_version\" value=\"6.0.1\" \/>\n<input type=\"hidden\" name=\"_wpcf7_locale\" value=\"fr_FR\" \/>\n<input type=\"hidden\" name=\"_wpcf7_unit_tag\" value=\"wpcf7-f2749-o1\" \/>\n<input type=\"hidden\" name=\"_wpcf7_container_post\" value=\"0\" \/>\n<input type=\"hidden\" name=\"_wpcf7_posted_data_hash\" value=\"\" \/>\n<input type=\"hidden\" name=\"_wpcf7_recaptcha_response\" value=\"\" \/>\n<\/div>\n<div class=\"title\">Contactformulier<\/div>\n<div class=\"col-container\">\n<div class=\"col-1-1\"><label>Naam<\/label><span class=\"wpcf7-form-control-wrap\" data-name=\"text-first-name\"><input size=\"40\" maxlength=\"400\" class=\"wpcf7-form-control wpcf7-text wpcf7-validates-as-required\" aria-required=\"true\" aria-invalid=\"false\" value=\"\" type=\"text\" name=\"text-first-name\" \/><\/span><\/div>\n<div class=\"col-1-2\"><label>Telefoonnummer<\/label><span class=\"wpcf7-form-control-wrap\" data-name=\"tel-phone\"><input size=\"40\" maxlength=\"400\" class=\"wpcf7-form-control wpcf7-tel wpcf7-validates-as-required wpcf7-text wpcf7-validates-as-tel\" aria-required=\"true\" aria-invalid=\"false\" value=\"\" type=\"tel\" name=\"tel-phone\" \/><\/span><\/div>\n<div class=\"col-1-2\"><label>E-mailadres<\/label><span class=\"wpcf7-form-control-wrap\" data-name=\"email-email\"><input size=\"40\" maxlength=\"400\" class=\"wpcf7-form-control wpcf7-email wpcf7-validates-as-required wpcf7-text wpcf7-validates-as-email\" aria-required=\"true\" aria-invalid=\"false\" value=\"\" type=\"email\" name=\"email-email\" \/><\/span><\/div>\n<div class=\"col-1-1\"><label>Uw bericht<\/label><span class=\"wpcf7-form-control-wrap\" data-name=\"your-message\"><textarea cols=\"40\" rows=\"10\" maxlength=\"2000\" class=\"wpcf7-form-control wpcf7-textarea\" aria-invalid=\"false\" name=\"your-message\"><\/textarea><\/span><\/div>\n<input class=\"wpcf7-form-control wpcf7-submit has-spinner\" type=\"submit\" value=\"Verzenden\" \/>\n<\/div><div class=\"wpcf7-response-output\" aria-hidden=\"true\"><\/div>\n<\/form>\n<\/div>\n[\/vc_column][vc_column width=\u00a0\u00bb1\/2&Prime;]<div id=\"sc_title_502110764\"\r\n\t\tclass=\"sc_title sc_title_default  vc_custom_1649752041676\"><h2 class=\"sc_item_title sc_title_title sc_align_center sc_item_title_style_default sc_item_title_tag\">D\u00e9tails du contact<\/h2><\/div><!-- \/.sc_title -->[vc_empty_space height=\u00a0\u00bb16px\u00a0\u00bb alter_height=\u00a0\u00bbsmall\u00a0\u00bb hide_on_mobile=\u00a0\u00bb\u00a0\u00bb css=\u00a0\u00bb.vc_custom_1648129020416{margin-top: -0.5rem !important;}\u00a0\u00bb][vc_row_inner][vc_column_inner]<div id=\"sc_icons_2116948468\" \r\n\tclass=\"sc_icons sc_icons_default sc_icons_size_small sc_align_center\"><div class=\"sc_icons_item\"><h4 class=\"sc_icons_item_title\"><span>Adresse<\/span><\/h4><\/div><\/div><!-- \/.sc_icons -->[vc_column_text]<\/p>\n<p style=\"text-align: center;\">Camping Le M\u00e9rou<br \/>\nBert en Mia Angenent<br \/>\nLieu-dit Le M\u00e9rou<br \/>\n82160 Saint Projet<br \/>\nFrance<\/p>\n<p style=\"text-align: center;\">Tel: +33.5.67.05.20.40<\/p>\n<p style=\"text-align: center;\">Le bureau d\u2019accueil est ouvert entre 09h00 \u2013 12h00 et 14h00 et 20h00&nbsp;<\/p>\n<p>[\/vc_column_text][vc_empty_space alter_height=\u00a0\u00bbsmall\u00a0\u00bb hide_on_mobile=\u00a0\u00bb\u00a0\u00bb css=\u00a0\u00bb.vc_custom_1491570310025{margin-top: -0.5rem !important;}\u00a0\u00bb][vc_column_text]<\/p>\n<p style=\"text-align: center;\">T\u00e9l: +33 7.67.21.00.29<\/p>\n<p style=\"text-align: center;\">Email: <a href=\"mailto:campinglemerou@gmail.com\">campinglemerou@gmail.com<\/a><\/p>\n<p>[\/vc_column_text][\/vc_column_inner][\/vc_row_inner][\/vc_column][\/vc_row][vc_row equal_height=\u00a0\u00bbyes\u00a0\u00bb content_placement=\u00a0\u00bbmiddle\u00a0\u00bb][vc_column][vc_empty_space alter_height=\u00a0\u00bbsmall\u00a0\u00bb hide_on_mobile=\u00a0\u00bb\u00a0\u00bb css=\u00a0\u00bb.vc_custom_1491570310025{margin-top: -0.5rem !important;}\u00a0\u00bb][\/vc_column][\/vc_row][vc_row][vc_column][vc_column_text][\/vc_column_text][\/vc_column][\/vc_row][vc_row][vc_column width=\u00a0\u00bb1\/2&Prime;]<div id=\"sc_icons_1355094557\" \r\n\tclass=\"sc_icons sc_icons_default sc_icons_size_small sc_align_left\"><div class=\"sc_icons_item\"><h4 class=\"sc_icons_item_title\"><span>Route<\/span><\/h4><\/div><\/div><!-- \/.sc_icons -->[vc_column_text]<strong>Description de la route:<\/strong><br \/>\nDe Paris: A10 direction Bordeaux\/Orl\u00e9ans,<br \/>\npuis prendre&nbsp; A71 direction Clermont-Ferrand\/Vierzon,<br \/>\npuis&nbsp; A20 direction Limoges\/Cahors.<br \/>\nSortie: 59 Caussade.<br \/>\nSuivre D117 direction Villefranche- de \u2013Rouerque<br \/>\npuis prendre direction D926 Villefranche- de \u2013Rouerque.<\/p>\n<p>A Caylus, prendre \u00e0 gauche la D19 \u00e0 la premi\u00e8re intersection. Le camping se situe entre Loze et Saint-Projet. Apr\u00e8s le Mas Est\u00e8be suivre le virage sur la droite. Dans le virage (juste avant la maison d\u2019habitation) prendre \u00e0 gauche. Apr\u00e8s environ 1000 m\u00e8tres, sur votre droite, vous trouverez le camping!!!<\/p>\n<p>Attention, si vous utilisez un GPS! Car il y a plusieurs&nbsp; Saint Projet en France. Il est pr\u00e9f\u00e9rable de taper le nom Loze \u00e0 la place de Saint-Projet.<\/p>\n<p>Bienvenue au M\u00e9rou[\/vc_column_text][\/vc_column][vc_column width=\u00a0\u00bb1\/2&Prime;]<div id=\"sc_googlemap_1140629411_wrap\" class=\"sc_googlemap_wrap\"><div id=\"sc_googlemap_1140629411\"\r\n\t\t\tclass=\"sc_googlemap sc_googlemap_default\"\r\n\t\t\t style=\"width:100%;height:360px;\"\t\t\tdata-zoom=\"12\"\r\n\t\t\tdata-style=\"dark\"\r\n\t\t\tdata-cluster-icon=\"\"\r\n        ><iframe\r\n                    src=\"https:\/\/maps.google.com\/maps?t=m&output=embed&iwloc=near&z=12&q=Unnamed+Road%2C+82160%2C+Saint-Projet%2C+Frankrijk\"\r\n                    scrolling=\"no\"\r\n                    marginheight=\"0\"\r\n                    marginwidth=\"0\"\r\n                    frameborder=\"0\"\r\n                    aria-label=\"\"><\/iframe><\/div><\/div><!-- \/.sc_googlemap_wrap -->[\/vc_column][\/vc_row][vc_row][vc_column][vc_empty_space hide_on_mobile=\u00a0\u00bb\u00a0\u00bb][\/vc_column][\/vc_row]<\/p>\n<\/div>","protected":false},"excerpt":{"rendered":"<p>[vc_row][vc_column width=\u00a0\u00bb1\/2&Prime;][\/vc_column][vc_column width=\u00a0\u00bb1\/2&Prime;][vc_empty_space height=\u00a0\u00bb16px\u00a0\u00bb alter_height=\u00a0\u00bbsmall\u00a0\u00bb hide_on_mobile=\u00a0\u00bb\u00a0\u00bb css=\u00a0\u00bb.vc_custom_1648129020416{margin-top: -0.5rem !important;}\u00a0\u00bb][vc_row_inner][vc_column_inner][vc_column_text] Camping Le M\u00e9rou Bert en Mia Angenent Lieu-dit Le M\u00e9rou 82160 Saint Projet France Tel: +33.5.67.05.20.40 Le bureau d\u2019accueil est ouvert entre 09h00 \u2013 12h00 et 14h00 et 20h00&nbsp; [\/vc_column_text][vc_empty_space alter_height=\u00a0\u00bbsmall\u00a0\u00bb hide_on_mobile=\u00a0\u00bb\u00a0\u00bb css=\u00a0\u00bb.vc_custom_1491570310025{margin-top: -0.5rem !important;}\u00a0\u00bb][vc_column_text] T\u00e9l: +33 7.67.21.00.29 Email: campinglemerou@gmail.com [\/vc_column_text][\/vc_column_inner][\/vc_row_inner][\/vc_column][\/vc_row][vc_row equal_height=\u00a0\u00bbyes\u00a0\u00bb content_placement=\u00a0\u00bbmiddle\u00a0\u00bb][vc_column][vc_empty_space alter_height=\u00a0\u00bbsmall\u00a0\u00bb hide_on_mobile=\u00a0\u00bb\u00a0\u00bb css=\u00a0\u00bb.vc_custom_1491570310025{margin-top: -0.5rem !important;}\u00a0\u00bb][\/vc_column][\/vc_row][vc_row][vc_column][vc_column_text][\/vc_column_text][\/vc_column][\/vc_row][vc_row][vc_column width=\u00a0\u00bb1\/2&Prime;][vc_column_text]Description de la&hellip;<\/p>\n","protected":false},"author":1,"featured_media":0,"parent":0,"menu_order":0,"comment_status":"closed","ping_status":"closed","template":"","meta":{"ngg_post_thumbnail":0,"_joinchat":[],"footnotes":""},"class_list":["post-1828","page","type-page","status-publish","hentry"],"_links":{"self":[{"href":"https:\/\/campinglemerou.com\/fr\/wp-json\/wp\/v2\/pages\/1828","targetHints":{"allow":["GET"]}}],"collection":[{"href":"https:\/\/campinglemerou.com\/fr\/wp-json\/wp\/v2\/pages"}],"about":[{"href":"https:\/\/campinglemerou.com\/fr\/wp-json\/wp\/v2\/types\/page"}],"author":[{"embeddable":true,"href":"https:\/\/campinglemerou.com\/fr\/wp-json\/wp\/v2\/users\/1"}],"replies":[{"embeddable":true,"href":"https:\/\/campinglemerou.com\/fr\/wp-json\/wp\/v2\/comments?post=1828"}],"version-history":[{"count":31,"href":"https:\/\/campinglemerou.com\/fr\/wp-json\/wp\/v2\/pages\/1828\/revisions"}],"predecessor-version":[{"id":2752,"href":"https:\/\/campinglemerou.com\/fr\/wp-json\/wp\/v2\/pages\/1828\/revisions\/2752"}],"wp:attachment":[{"href":"https:\/\/campinglemerou.com\/fr\/wp-json\/wp\/v2\/media?parent=1828"}],"curies":[{"name":"wp","href":"https:\/\/api.w.org\/{rel}","templated":true}]}}