{"id":2582,"date":"2022-03-02T13:56:27","date_gmt":"2022-03-02T12:56:27","guid":{"rendered":"https:\/\/emhd.nl\/concept\/lemerou\/tarieven\/"},"modified":"2025-11-29T01:03:44","modified_gmt":"2025-11-29T00:03:44","slug":"prices","status":"publish","type":"page","link":"https:\/\/campinglemerou.com\/en\/prices\/","title":{"rendered":"Prices"},"content":{"rendered":"<div class=\"wpb-content-wrapper\"><p>[vc_row][vc_column][vc_column_text css=&#8221;&#8221;]&nbsp;<\/p>\n<ul>\n<li>The campsite is open from 23 may up to and including 25 september. (the mobile home can be rented all year round)<\/li>\n<li>The swimming pool is open from 1 June.<\/li>\n<li>Dogs are only allowed after consultation.<\/li>\n<li>Arrival pitches between 2 p.m. and 7 p.m. Arrival rentals between 3 p.m. and 7 p.m.<\/li>\n<li>Offer to members of a naturist federation for stays of 8 nights or more.<\/li>\n<\/ul>\n\n<table id=\"tablepress-6\" class=\"tablepress tablepress-id-6\">\n<thead>\n<tr class=\"row-1\">\n\t<th class=\"column-1\">2026<\/th><th class=\"column-2\">23\/05 - 04\/07<\/th><th class=\"column-3\">05\/07 - 22\/08<\/th><th class=\"column-4\"><\/th>\n<\/tr>\n<tr class=\"row-2\">\n\t<th class=\"column-1\"><\/th><th class=\"column-2\">23\/08 - 25\/09<\/th><th class=\"column-3\"><\/th><th class=\"column-4\"><\/th>\n<\/tr>\n<\/thead>\n<tbody class=\"row-striping row-hover\">\n<tr class=\"row-3\">\n\t<td class=\"column-1\">Emplacement p.n. **<br \/>\nKampeerplek p.n. **<\/td><td class=\"column-2\">\u20ac 12,80<\/td><td class=\"column-3\">\u20ac 13,85<\/td><td class=\"column-4\">Parzellen p.n. **<br \/>\nPitches p.n. **<\/td>\n<\/tr>\n<tr class=\"row-4\">\n\t<td class=\"column-1\">18 + ans p.n. **<\/td><td class=\"column-2\">\u20ac 8,15<\/td><td class=\"column-3\">\u20ac 12,15<\/td><td class=\"column-4\"><\/td>\n<\/tr>\n<tr class=\"row-5\">\n\t<td class=\"column-1\">12 - 18 ans p.n. **<\/td><td class=\"column-2\">\u20ac 7,15<\/td><td class=\"column-3\">\u20ac 9,60<\/td><td class=\"column-4\"><\/td>\n<\/tr>\n<tr class=\"row-6\">\n\t<td class=\"column-1\">0- 12 ans p.n. **<\/td><td class=\"column-2\">\u20ac 6,15<\/td><td class=\"column-3\">\u20ac 7,80<\/td><td class=\"column-4\"><\/td>\n<\/tr>\n<tr class=\"row-7\">\n\t<td class=\"column-1\">Electricit\u00e9 6 A p.n.<br \/>\nElektriciteit 6A p.n.<br \/>\n<\/td><td class=\"column-2\">\u20ac 5,00<\/td><td class=\"column-3\">\u20ac 5,00<\/td><td class=\"column-4\">Strom 6A p.n.<br \/>\nElectricity 6A p.n.<br \/>\n<\/td>\n<\/tr>\n<tr class=\"row-8\">\n\t<td class=\"column-1\">Suppl. equipement climatisation p.n.<br \/>\nToeslag airco p.n.<\/td><td class=\"column-2\">\u20ac 2,00<\/td><td class=\"column-3\">\u20ac 2,00<\/td><td class=\"column-4\">Suppl. klimaanlage p.n.<br \/>\nSuppl. air conditioning p.n.<\/td>\n<\/tr>\n<tr class=\"row-9\">\n\t<td class=\"column-1\">Frais de r\u00e9servation jusqu`a 8 nuits<br \/>\nReserveringskosten tot 8 nachten<\/td><td class=\"column-2\">\u20ac 10,00<\/td><td class=\"column-3\">\u20ac 10,00<\/td><td class=\"column-4\">bis zu 8 N\u00e4chte<br \/>\nup to 8 nights<\/td>\n<\/tr>\n<tr class=\"row-10\">\n\t<td class=\"column-1\">Taxe s\u00e9jour p.p.p.n.<br \/>\nToeristenbelasting p.p.p.n.<\/td><td class=\"column-2\">\u20ac 0,86<\/td><td class=\"column-3\">\u20ac 0,86<\/td><td class=\"column-4\">Touristensteuer p.p.p.n.<br \/>\nTouristtax p.p.p.n.<\/td>\n<\/tr>\n<tr class=\"row-11\">\n\t<td class=\"column-1\">Ordure m\u00e9nag\u00e8res p.p.p.n.<br \/>\nHuishoudelijk afval p.p.p.n.<\/td><td class=\"column-2\">\u20ac 0,35<\/td><td class=\"column-3\">\u20ac 0,35<\/td><td class=\"column-4\">Haushaltsabf\u00e4lle p.p.p.n.<br \/>\nHousehold waste p.p.p.n.<\/td>\n<\/tr>\n<tr class=\"row-12\">\n\t<td class=\"column-1\">Location frigo p.n.<br \/>\nKoelkastverhuur p.n.<\/td><td class=\"column-2\">\u20ac 5,00<\/td><td class=\"column-3\">\u20ac 5,00<\/td><td class=\"column-4\">K\u00fchlschrank mieten p.n.<br \/>\nRental fridge p.n.<\/td>\n<\/tr>\n<\/tbody>\n<\/table>\n\n<p><strong>**<\/strong> <strong>OFFRE AUX MEMBRES D&#8217;UNE F\u00c9D\u00c9RATION NATURISTE (\u00e0 partir de 8 nuits)<\/strong><br \/>\n<strong><u>Du 1 juin au 4 juillet et \u00e0 partir du 23 ao\u00fbt<\/u><\/strong><br \/>\nEmplacement \u20ac 26,40 par nuit. (emplacement, <strong>2<\/strong> personnes et \u00e9lectricit\u00e9 inclus)<br \/>\nEmplacement \u20ac22,30 par nuit (emplacement, <strong>1<\/strong> personnes et \u00e9lectricit\u00e9 inclus)<\/p>\n<p><strong><u>Du 5 juillet au 22 ao\u00fbt<\/u><\/strong><br \/>\n10% de r\u00e9duction sur l&#8217;emplacement et personne<\/p>\n<p>\n<table id=\"tablepress-7\" class=\"tablepress tablepress-id-7\">\n<thead>\n<tr class=\"row-1\">\n\t<th class=\"column-1\">2026<\/th><th class=\"column-2\">Tente safari<\/th><th class=\"column-3\"><\/th><th class=\"column-4\">Cabane<\/th><th class=\"column-5\"><\/th><th class=\"column-6\">Mobil-home<\/th><th class=\"column-7\"><\/th><th class=\"column-8\">2026<\/th>\n<\/tr>\n<\/thead>\n<tbody class=\"row-striping row-hover\">\n<tr class=\"row-2\">\n\t<td class=\"column-1\"><\/td><td class=\"column-2\"><strong>04\/07 - 22\/08<\/strong><\/td><td class=\"column-3\">23\/05 - 04\/07<br \/>\n22\/08 - 25\/09<\/td><td class=\"column-4\"><strong>04\/07 - 22\/08<\/strong><\/td><td class=\"column-5\">23\/05 - 04\/07<br \/>\n22\/08 - 25\/09<\/td><td class=\"column-6\"><strong>04\/07 - 22\/08<\/strong><\/td><td class=\"column-7\">23\/05 - 04\/07<br \/>\n23\/08 - 25\/092<\/td><td class=\"column-8\"><\/td>\n<\/tr>\n<tr class=\"row-3\">\n\t<td class=\"column-1\"><\/td><td class=\"column-2\"><\/td><td class=\"column-3\"><\/td><td class=\"column-4\"><\/td><td class=\"column-5\"><\/td><td class=\"column-6\"><\/td><td class=\"column-7\"><\/td><td class=\"column-8\"><\/td>\n<\/tr>\n<tr class=\"row-4\">\n\t<td class=\"column-1\">Par semaine<br \/>\nPer week<\/td><td class=\"column-2\">\u20ac 615,00<\/td><td class=\"column-3\">\u20ac 410,00<\/td><td class=\"column-4\">\u20ac 667,50<\/td><td class=\"column-5\">\u20ac 462,00<\/td><td class=\"column-6\">\u20ac 770,00<\/td><td class=\"column-7\">\u20ac 545,00<\/td><td class=\"column-8\">Pro woch<br \/>\nPer week<\/td>\n<\/tr>\n<tr class=\"row-5\">\n\t<td class=\"column-1\">Par nuit (min. 3 N.)<br \/>\nPer nacht (min. 3 N.)<\/td><td class=\"column-2\">N\/A<\/td><td class=\"column-3\">\u20ac 75,00<\/td><td class=\"column-4\">N\/A<\/td><td class=\"column-5\">\u20ac 80,00<\/td><td class=\"column-6\">N\/A<\/td><td class=\"column-7\">\u20ac 95,00<\/td><td class=\"column-8\">Pro nach (min. 3 N.)<br \/>\nPer night (min. 3 N.)<\/td>\n<\/tr>\n<tr class=\"row-6\">\n\t<td class=\"column-1\">Le nettoyage (obligatoire)<br \/>\nEindschoonmaak (verplicht<\/td><td class=\"column-2\">\u20ac 40,00<\/td><td class=\"column-3\">\u20ac 40,00<\/td><td class=\"column-4\">\u20ac 40,00<\/td><td class=\"column-5\">\u20ac 40,00<\/td><td class=\"column-6\">\u20ac 40,00<\/td><td class=\"column-7\">\u20ac 40,00<\/td><td class=\"column-8\">Obligatorische Reinigungskosten<br \/>\nMandatory cleaning costs<\/td>\n<\/tr>\n<tr class=\"row-7\">\n\t<td class=\"column-1\">Frais de nettoyage d'animaux domestiques<br \/>\nSchoonmaakkosten huisdier<\/td><td class=\"column-2\">\u20ac 20,00<\/td><td class=\"column-3\">\u20ac 20,00<\/td><td class=\"column-4\">\u20ac 20,00<\/td><td class=\"column-5\">\u20ac 20,00<\/td><td class=\"column-6\">\u20ac 20,00<\/td><td class=\"column-7\">\u20ac 20,00<\/td><td class=\"column-8\">Kosten f\u00fcr die Haustierreinigung<br \/>\nPet cleaning costs<\/td>\n<\/tr>\n<tr class=\"row-8\">\n\t<td class=\"column-1\">Acompte (par semaine r\u00e9serv\u00e9)<br \/>\nAanbetaling (per gereserveerde week)<\/td><td class=\"column-2\">\u20ac 307,50<\/td><td class=\"column-3\">\u20ac 205,00<\/td><td class=\"column-4\">\u20ac 333,75<\/td><td class=\"column-5\">\u20ac 231,00<\/td><td class=\"column-6\">\u20ac 335,00<\/td><td class=\"column-7\">\u20ac 272,50<\/td><td class=\"column-8\">Anzahlung<br \/>\nDeposit<\/td>\n<\/tr>\n<tr class=\"row-9\">\n\t<td class=\"column-1\">Caution \u00e0 L\u2019arriv\u00e9e<br \/>\nBorg bij aankomst<\/td><td class=\"column-2\">\u20ac 100,00<\/td><td class=\"column-3\">\u20ac 100,00<\/td><td class=\"column-4\">\u20ac 100,00<\/td><td class=\"column-5\">\u20ac 100,00<\/td><td class=\"column-6\">\u20ac 100,00<\/td><td class=\"column-7\">\u20ac 100,00<\/td><td class=\"column-8\">Kaution<br \/>\nBreakage deposit<\/td>\n<\/tr>\n<tr class=\"row-10\">\n\t<td class=\"column-1\">Taxe de s\u00e9jour  p.p. par nuit<br \/>\nToeristenbelasting<\/td><td class=\"column-2\">\u20ac 0,86<\/td><td class=\"column-3\">\u20ac 0,86<\/td><td class=\"column-4\">\u20ac 0,86<\/td><td class=\"column-5\">\u20ac 0,86<\/td><td class=\"column-6\">\u20ac 0,86<\/td><td class=\"column-7\">\u20ac 0,86<\/td><td class=\"column-8\">Touristensteuer<br \/>\nTourist tax<\/td>\n<\/tr>\n<tr class=\"row-11\">\n\t<td class=\"column-1\">Ordure m\u00e9nag\u00e8res p.p. par nuit<br \/>\nHuishoudelijk afval p.p. per nacht<\/td><td class=\"column-2\">\u20ac 0,35<\/td><td class=\"column-3\">\u20ac 0,35<\/td><td class=\"column-4\">\u20ac 0,35<\/td><td class=\"column-5\">\u20ac 0,35<\/td><td class=\"column-6\">\u20ac 0,35<\/td><td class=\"column-7\">\u20ac 0,35<\/td><td class=\"column-8\">Haushaltsabf\u00e4lle p.p.p.n.<br \/>\nHousehold waste p.p.p.n.<br \/>\n<\/td>\n<\/tr>\n<\/tbody>\n<\/table>\n[\/vc_column_text][\/vc_column][\/vc_row]<\/p>\n<\/div>","protected":false},"excerpt":{"rendered":"<p>[vc_row][vc_column][vc_column_text css=&#8221;&#8221;]&nbsp; The campsite is open from 23 may up to and including 25 september. (the mobile home can be rented all year round) The swimming pool is open from 1 June. Dogs are only allowed after consultation. Arrival pitches between 2 p.m. and 7 p.m. Arrival rentals between 3 p.m. and 7 p.m. Offer to members of a naturist&hellip;<\/p>\n","protected":false},"author":1,"featured_media":0,"parent":0,"menu_order":0,"comment_status":"closed","ping_status":"closed","template":"","meta":{"ngg_post_thumbnail":0,"_joinchat":[],"footnotes":""},"class_list":["post-2582","page","type-page","status-publish","hentry"],"_links":{"self":[{"href":"https:\/\/campinglemerou.com\/en\/wp-json\/wp\/v2\/pages\/2582","targetHints":{"allow":["GET"]}}],"collection":[{"href":"https:\/\/campinglemerou.com\/en\/wp-json\/wp\/v2\/pages"}],"about":[{"href":"https:\/\/campinglemerou.com\/en\/wp-json\/wp\/v2\/types\/page"}],"author":[{"embeddable":true,"href":"https:\/\/campinglemerou.com\/en\/wp-json\/wp\/v2\/users\/1"}],"replies":[{"embeddable":true,"href":"https:\/\/campinglemerou.com\/en\/wp-json\/wp\/v2\/comments?post=2582"}],"version-history":[{"count":21,"href":"https:\/\/campinglemerou.com\/en\/wp-json\/wp\/v2\/pages\/2582\/revisions"}],"predecessor-version":[{"id":3786,"href":"https:\/\/campinglemerou.com\/en\/wp-json\/wp\/v2\/pages\/2582\/revisions\/3786"}],"wp:attachment":[{"href":"https:\/\/campinglemerou.com\/en\/wp-json\/wp\/v2\/media?parent=2582"}],"curies":[{"name":"wp","href":"https:\/\/api.w.org\/{rel}","templated":true}]}}