{"id":2683,"date":"2022-03-02T13:53:41","date_gmt":"2022-03-02T12:53:41","guid":{"rendered":"https:\/\/emhd.nl\/concept\/lemerou\/omgeving\/"},"modified":"2022-04-11T19:37:00","modified_gmt":"2022-04-11T18:37:00","slug":"umwelt","status":"publish","type":"page","link":"https:\/\/campinglemerou.com\/de\/umwelt\/","title":{"rendered":"Umwelt"},"content":{"rendered":"<div class=\"wpb-content-wrapper\"><p>[vc_row][vc_column]<div id=\"sc_title_2054186910\"\r\n\t\tclass=\"sc_title sc_title_default\"><h3 class=\"sc_item_title sc_title_title sc_align_left sc_item_title_style_default\">UMWELT<\/h3><\/div><!-- \/.sc_title -->[vc_empty_space hide_on_mobile=&#8220;&#8220;][\/vc_column][\/vc_row][vc_row][vc_column][vc_column_text]<strong>Ist der Alltagsstress erst einmal vergessen und Sie ihren Accu wieder aufgeladen haben und sie sich jetzt so richtig am\u00fcsieren wollen,dann sind Sie in dieser Region super aufgehoben.<\/strong><\/p>\n<p>Unser Campingplatz liegt an der Grenze von \u201c Departement Tarn et Garonne \u201c und \u201c Lot en Aveyron\u201c und ist daher eine sehr abwechslungsreiche Umgebung Caylus, ein Mittelalterliches St\u00e4dtchen, ungef\u00e4hr 10 Km entfernt hat so einiges zu bieten:<br \/>\nEine sehr sch\u00f6ne Kirche wo man eine grosse Christusstatue von \u201eZadkin\u201c sehen kann. Diese Stadt hat eine regionale Funktion, das bedeutet das hier so einiges los ist Zwei mal pro Woche findet ein Wochenmarkt statt, es gibt eine Bank, Postamt, Hotel und verschiedene Lebensmittelgesch\u00e4fte. Auch einige Restaurants mit Terassen .<br \/>\nIm Sommer gibt es hier auch Tr\u00f6delm\u00e4rkte, Abendm\u00e4rkte und andere Aktivit\u00e4ten unter freiem Himmel. Auch in unmittelbarer N\u00e4he befinden sich mehrere Mittelalterliche D\u00f6rfer und St\u00e4dte wie \u201eSt.Antonin noble Val, Cordessur Ciel, Albi, St.Cirq Lapopie, Villefranche de Rouerque, Penn, Bruniqel, Najac, Caussade, Montauban und etwas weiter weg Toulouse. Das Chateau \u201ede reine Margot in Saint Projet\u201c ist gut zu Fuss zu erreichen.\u201cChateau de Cas\u201c in Espinas liegt in ca. 12 Km entfernung. Also f\u00fcr Liebhaber alter Burgen, Schl\u00f6sser und D\u00f6rfer ist hier genug zu erforschen.<\/p>\n<p>Die Umgebung bietet sich ideal f\u00fcr l\u00e4ngere Wanderungen an. Der Teil der Tarn &amp; Garonne, wo sich unser Campingplatz befindet, ist eine h\u00fcgelige Landschaft mit einer sehr sch\u00f6nen Aussicht aber auch viele W\u00e4lder und Fl\u00fcsse. Es ist eine sehr sch\u00f6ne, gr\u00fcne Landschaft mit B\u00e4umen und prachtvollen Blumen und Pflanzen, die Sie bezaubern wird. Unendlich viele Wanderwege wovon einige von unserem Campingplatz aus starten, stehen f\u00fcr sie bereit.<br \/>\nWer es ein wenig spannender haben m\u00f6chte wie zB. Geocaching ( eine modern Art von \u201eSchnitzeljagd\u201c ) kann die bei uns machen. Es ist sogar ein \u201eCache\u201c auf unserem Gel\u00e4nde versteckt, aber auch in der n\u00e4heren Umgebung warten viele Sch\u00e4tze darauf entdeckt zu werden. Sollte der Radsport eines Ihrer Hobbys sein, dann bringen Sie Ihr Rennrad oder Mountainbike mit Es lohnt sich auf jeden Fall.<\/p>\n<div class=\"row-wrapper\">\n<div class=\"row\">\n<h3><b>Links<\/b><\/h3>\n<p><b><a href=\"http:\/\/www.saint-projet.com\/default.asp\" target=\"_blank\" rel=\"noopener\">Saint Projet<br \/>\n<\/a><\/b><b><a href=\"http:\/\/www.coll82.com\/loze\/pageLibre00010029.html\" target=\"_blank\" rel=\"noopener\">Loze<br \/>\n<\/a><\/b><b><a href=\"http:\/\/www.saint-antonin-noble-val.com\/\" target=\"_blank\" rel=\"noopener\">Saint-Antonin-Noble-Val<br \/>\n<\/a><\/b><b><a href=\"http:\/\/www.villefranche.com\/\" target=\"_blank\" rel=\"noopener\">Villefranche- de- Rouerque<br \/>\n<\/a><\/b><b><a href=\"http:\/\/www.regionsdefrance.com\/najac\/\" target=\"_blank\" rel=\"noopener\">Najac<br \/>\n<\/a><\/b><b><a href=\"http:\/\/www.saint-cirqlapopie.com\/\" target=\"_blank\" rel=\"noopener\">Saint-Cirqlapopie<br \/>\n<\/a><\/b><b><a href=\"http:\/\/www.tourisme82.com\/\" target=\"_blank\" rel=\"noopener\">Tarn et Garonne<br \/>\n<\/a><\/b><b><a href=\"http:\/\/www.parc-causses-du-quercy.fr\/\" target=\"_blank\" rel=\"noopener\">Regionaal park des Causses du Quercy<br \/>\n<\/a><\/b><a href=\"http:\/\/www.geocaching.com\/\"><b>Geocaching<\/b><\/a><\/p>\n<div class=\"six columns b10\">\n<p><strong>Aktiv<\/strong><\/p>\n<p><a href=\"http:\/\/www.villefranche.com\/fr\/sports-activites\/index.php\" target=\"_blank\" rel=\"noopener\"><b>Sport diverse<\/b><\/a><br \/>\n<b><a href=\"http:\/\/www.saint-antonin-noble-val.com\/informationsTouristiques\/listeLieux000200f3.html\" target=\"_blank\" rel=\"noopener\">Kano\u00ebn<br \/>\n<\/a><\/b><a href=\"http:\/\/www.vert-marine.com\/cap-decouverte-le-garric-81\/\"><b>Adventure park<\/b><\/a><\/p>\n<\/div>\n<\/div>\n<\/div>\n<div class=\"row-wrapper\">\n<div class=\"row\">\n<div class=\"six columns b10\">&nbsp;<\/div>\n<\/div>\n<\/div>\n<p>[\/vc_column_text][vc_empty_space alter_height=&#8220;small&#8220; hide_on_mobile=&#8220;&#8220;][\/vc_column][\/vc_row][vc_row][vc_column][vc_column_text]<\/p>\n<p>ngg_shortcode_0_placeholder[\/vc_column_text][\/vc_column][\/vc_row]<\/p>\n<\/div>","protected":false},"excerpt":{"rendered":"<p>[vc_row][vc_column][vc_empty_space hide_on_mobile=&#8220;&#8220;][\/vc_column][\/vc_row][vc_row][vc_column][vc_column_text]Ist der Alltagsstress erst einmal vergessen und Sie ihren Accu wieder aufgeladen haben und sie sich jetzt so richtig am\u00fcsieren wollen,dann sind Sie in dieser Region super aufgehoben. Unser Campingplatz liegt an der Grenze von \u201c Departement Tarn et Garonne \u201c und \u201c Lot en Aveyron\u201c und ist daher eine sehr abwechslungsreiche Umgebung Caylus, ein Mittelalterliches St\u00e4dtchen, ungef\u00e4hr 10&hellip;<\/p>\n","protected":false},"author":1,"featured_media":0,"parent":0,"menu_order":0,"comment_status":"closed","ping_status":"closed","template":"","meta":{"ngg_post_thumbnail":0,"_joinchat":[],"footnotes":""},"class_list":["post-2683","page","type-page","status-publish","hentry"],"_links":{"self":[{"href":"https:\/\/campinglemerou.com\/de\/wp-json\/wp\/v2\/pages\/2683","targetHints":{"allow":["GET"]}}],"collection":[{"href":"https:\/\/campinglemerou.com\/de\/wp-json\/wp\/v2\/pages"}],"about":[{"href":"https:\/\/campinglemerou.com\/de\/wp-json\/wp\/v2\/types\/page"}],"author":[{"embeddable":true,"href":"https:\/\/campinglemerou.com\/de\/wp-json\/wp\/v2\/users\/1"}],"replies":[{"embeddable":true,"href":"https:\/\/campinglemerou.com\/de\/wp-json\/wp\/v2\/comments?post=2683"}],"version-history":[{"count":1,"href":"https:\/\/campinglemerou.com\/de\/wp-json\/wp\/v2\/pages\/2683\/revisions"}],"predecessor-version":[{"id":2686,"href":"https:\/\/campinglemerou.com\/de\/wp-json\/wp\/v2\/pages\/2683\/revisions\/2686"}],"wp:attachment":[{"href":"https:\/\/campinglemerou.com\/de\/wp-json\/wp\/v2\/media?parent=2683"}],"curies":[{"name":"wp","href":"https:\/\/api.w.org\/{rel}","templated":true}]}}