{"id":2673,"date":"2022-03-02T13:52:51","date_gmt":"2022-03-02T12:52:51","guid":{"rendered":"https:\/\/emhd.nl\/concept\/lemerou\/terrein\/"},"modified":"2022-04-11T19:32:21","modified_gmt":"2022-04-11T18:32:21","slug":"gelande","status":"publish","type":"page","link":"https:\/\/campinglemerou.com\/de\/gelande\/","title":{"rendered":"Gel\u00e4nde"},"content":{"rendered":"<div class=\"wpb-content-wrapper\"><p>[vc_row][vc_column]<div id=\"sc_title_1941043608\"\r\n\t\tclass=\"sc_title sc_title_default\"><h3 class=\"sc_item_title sc_title_title sc_align_left sc_item_title_style_default\">GEL\u00c4NDE<\/h3><\/div><!-- \/.sc_title -->[vc_empty_space hide_on_mobile=&#8220;&#8220;][\/vc_column][\/vc_row][vc_row][vc_column][vc_column_text]<strong>Unser Gel\u00e4nde liegt im Departement Tarn et Garonne in der Midi Pyren\u00e9es zwischen zwei D\u00f6rfern Loze und Saint Projet.<\/strong><br \/>\nWir haben f\u00fcr unsere Parzellen fast das ganze Gel\u00e4nde benutzt, daher sind die Pl\u00e4tze sehr ger\u00e4umig angelegt.<br \/>\nUnter B\u00e4umen oder doch lieber im offenen Feld mit Ausblick \u00fcber die L\u00e4ndereien, es ist alles m\u00f6glich. Es ist Ihnen \u00fcberlassen Ihre Parzelle auszuw\u00e4hlen. Fast alle Pl\u00e4tze sind am Stromnetz angeschlossen. Wenn Sie m\u00f6chten k\u00f6nnen Sie f\u00fcr ihr Zelt oder Faltwagen auch einfach eine freie Stelle im Wald aussuchen.[\/vc_column_text][\/vc_column][\/vc_row][vc_row][vc_column][vc_column_text]<\/p>\n<p>ngg_shortcode_0_placeholder[\/vc_column_text][vc_empty_space alter_height=&#8220;small&#8220; hide_on_mobile=&#8220;&#8220;][\/vc_column][\/vc_row][vc_row][vc_column][vc_column_text]Sauna in 2018<\/p>\n<p>ngg_shortcode_1_placeholder[\/vc_column_text][vc_empty_space alter_height=&#8220;small&#8220; hide_on_mobile=&#8220;&#8220;][\/vc_column][\/vc_row][vc_row][vc_column][vc_column_text]<strong>Schwimmbad<\/strong><\/p>\n<p>Das Schwimmbad mit der Sonnenterasse liegt auf der S\u00fcdseite und unsere Liegen stehen Ihnen bereit.<\/p>\n<p>ngg_shortcode_2_placeholder[\/vc_column_text][vc_empty_space alter_height=&#8220;small&#8220; hide_on_mobile=&#8220;&#8220;][\/vc_column][\/vc_row][vc_row][vc_column][vc_column_text]<strong>Bergerie<\/strong><\/p>\n<p>In und um der Bergerie bekommen Sie alles was mit Essen, Getr\u00e4nke, Freizeitgestaltung und Gem\u00fctlichkeit zu tun hat.<br \/>\n2 Terrassen mit komfortablen St\u00fchlen stehen bereit.<\/p>\n<p>ngg_shortcode_3_placeholder[\/vc_column_text][vc_empty_space alter_height=&#8220;small&#8220; hide_on_mobile=&#8220;&#8220;][\/vc_column][\/vc_row][vc_row][vc_column][vc_column_text]<strong>Spielpl\u00e4tze<\/strong><\/p>\n<p>F\u00fcr die Kleinen haben wir auf drei Feldern Spielpl\u00e4tze angelegt.<br \/>\nF\u00fcr alle Bastelfans ist in der Bergerie eine Bastelecke eingerichtet die mit reichlich Bastelmaterial ausgestattet ist.<\/p>\n<p>ngg_shortcode_4_placeholder[\/vc_column_text][\/vc_column][\/vc_row]<\/p>\n<\/div>","protected":false},"excerpt":{"rendered":"<p>[vc_row][vc_column][vc_empty_space hide_on_mobile=&#8220;&#8220;][\/vc_column][\/vc_row][vc_row][vc_column][vc_column_text]Unser Gel\u00e4nde liegt im Departement Tarn et Garonne in der Midi Pyren\u00e9es zwischen zwei D\u00f6rfern Loze und Saint Projet. Wir haben f\u00fcr unsere Parzellen fast das ganze Gel\u00e4nde benutzt, daher sind die Pl\u00e4tze sehr ger\u00e4umig angelegt. Unter B\u00e4umen oder doch lieber im offenen Feld mit Ausblick \u00fcber die L\u00e4ndereien, es ist alles m\u00f6glich. Es ist Ihnen \u00fcberlassen Ihre Parzelle&hellip;<\/p>\n","protected":false},"author":1,"featured_media":0,"parent":0,"menu_order":0,"comment_status":"closed","ping_status":"closed","template":"","meta":{"ngg_post_thumbnail":0,"_joinchat":[],"footnotes":""},"class_list":["post-2673","page","type-page","status-publish","hentry"],"_links":{"self":[{"href":"https:\/\/campinglemerou.com\/de\/wp-json\/wp\/v2\/pages\/2673","targetHints":{"allow":["GET"]}}],"collection":[{"href":"https:\/\/campinglemerou.com\/de\/wp-json\/wp\/v2\/pages"}],"about":[{"href":"https:\/\/campinglemerou.com\/de\/wp-json\/wp\/v2\/types\/page"}],"author":[{"embeddable":true,"href":"https:\/\/campinglemerou.com\/de\/wp-json\/wp\/v2\/users\/1"}],"replies":[{"embeddable":true,"href":"https:\/\/campinglemerou.com\/de\/wp-json\/wp\/v2\/comments?post=2673"}],"version-history":[{"count":2,"href":"https:\/\/campinglemerou.com\/de\/wp-json\/wp\/v2\/pages\/2673\/revisions"}],"predecessor-version":[{"id":2680,"href":"https:\/\/campinglemerou.com\/de\/wp-json\/wp\/v2\/pages\/2673\/revisions\/2680"}],"wp:attachment":[{"href":"https:\/\/campinglemerou.com\/de\/wp-json\/wp\/v2\/media?parent=2673"}],"curies":[{"name":"wp","href":"https:\/\/api.w.org\/{rel}","templated":true}]}}