{"id":2655,"date":"2022-03-02T13:59:08","date_gmt":"2022-03-02T12:59:08","guid":{"rendered":"https:\/\/emhd.nl\/concept\/lemerou\/eten-en-drinken\/"},"modified":"2022-04-11T19:21:54","modified_gmt":"2022-04-11T18:21:54","slug":"essen-und-trinken","status":"publish","type":"page","link":"https:\/\/campinglemerou.com\/de\/essen-und-trinken\/","title":{"rendered":"Essen und trinken"},"content":{"rendered":"<div class=\"wpb-content-wrapper\"><p>[vc_row][vc_column]<div id=\"sc_title_902032999\"\r\n\t\tclass=\"sc_title sc_title_default\"><h3 class=\"sc_item_title sc_title_title sc_align_left sc_item_title_style_default\">ESSEN UND TRINKEN<\/h3><\/div><!-- \/.sc_title -->[vc_empty_space hide_on_mobile=&#8220;&#8220;][\/vc_column][\/vc_row][vc_row][vc_column][vc_column_text]<b>Table d\u2019h\u00f4te<\/b><\/p>\n<p>einmal die Woche servieren wir eine herrliche \u201eplat du jour\u201c. Das Menu besteht aus minimal 3 G\u00e4ngen inklusive Wein.<\/p>\n<p><b>Freitag, Samstag, Sonntag, Montag und Dienstagabend<\/b><\/p>\n<p>Ist unsere Bar ge\u00f6ffnet. Hier bekommen Sie Leckereien aber nat\u00fcrlich auch Pommes und andere Snacks.<\/p>\n<p><b>Eis<\/b><\/p>\n<p>f\u00fcr manch einen ist ein Sommer kein richtiger Sommer ohne Eis. Deshalb haben wir verschiedene Sorten im Angebot.<\/p>\n<p><b>Brot<\/b><\/p>\n<p>Jeden Tag k\u00f6nnen Sie Ihre Bestellung in der Bergerie f\u00fcr den n\u00e4chsten Morgen an frischem Brot aufgeben.[\/vc_column_text][\/vc_column][\/vc_row][vc_row][vc_column][vc_column_text]<\/p>\n<p>ngg_shortcode_0_placeholder[\/vc_column_text][\/vc_column][\/vc_row]<\/p>\n<\/div>","protected":false},"excerpt":{"rendered":"<p>[vc_row][vc_column][vc_empty_space hide_on_mobile=&#8220;&#8220;][\/vc_column][\/vc_row][vc_row][vc_column][vc_column_text]Table d\u2019h\u00f4te einmal die Woche servieren wir eine herrliche \u201eplat du jour\u201c. Das Menu besteht aus minimal 3 G\u00e4ngen inklusive Wein. Freitag, Samstag, Sonntag, Montag und Dienstagabend Ist unsere Bar ge\u00f6ffnet. Hier bekommen Sie Leckereien aber nat\u00fcrlich auch Pommes und andere Snacks. Eis f\u00fcr manch einen ist ein Sommer kein richtiger Sommer ohne Eis. Deshalb haben wir verschiedene Sorten&hellip;<\/p>\n","protected":false},"author":1,"featured_media":0,"parent":0,"menu_order":0,"comment_status":"closed","ping_status":"closed","template":"","meta":{"ngg_post_thumbnail":0,"_joinchat":[],"footnotes":""},"class_list":["post-2655","page","type-page","status-publish","hentry"],"_links":{"self":[{"href":"https:\/\/campinglemerou.com\/de\/wp-json\/wp\/v2\/pages\/2655","targetHints":{"allow":["GET"]}}],"collection":[{"href":"https:\/\/campinglemerou.com\/de\/wp-json\/wp\/v2\/pages"}],"about":[{"href":"https:\/\/campinglemerou.com\/de\/wp-json\/wp\/v2\/types\/page"}],"author":[{"embeddable":true,"href":"https:\/\/campinglemerou.com\/de\/wp-json\/wp\/v2\/users\/1"}],"replies":[{"embeddable":true,"href":"https:\/\/campinglemerou.com\/de\/wp-json\/wp\/v2\/comments?post=2655"}],"version-history":[{"count":1,"href":"https:\/\/campinglemerou.com\/de\/wp-json\/wp\/v2\/pages\/2655\/revisions"}],"predecessor-version":[{"id":2658,"href":"https:\/\/campinglemerou.com\/de\/wp-json\/wp\/v2\/pages\/2655\/revisions\/2658"}],"wp:attachment":[{"href":"https:\/\/campinglemerou.com\/de\/wp-json\/wp\/v2\/media?parent=2655"}],"curies":[{"name":"wp","href":"https:\/\/api.w.org\/{rel}","templated":true}]}}