{"id":2647,"date":"2022-03-02T13:58:07","date_gmt":"2022-03-02T12:58:07","guid":{"rendered":"https:\/\/emhd.nl\/concept\/lemerou\/voorzieningen\/"},"modified":"2022-04-11T19:16:57","modified_gmt":"2022-04-11T18:16:57","slug":"anlagen","status":"publish","type":"page","link":"https:\/\/campinglemerou.com\/de\/anlagen\/","title":{"rendered":"Unsere Anlage"},"content":{"rendered":"<div class=\"wpb-content-wrapper\"><p>[vc_row][vc_column]<div id=\"sc_title_543274874\"\r\n\t\tclass=\"sc_title sc_title_default\"><h3 class=\"sc_item_title sc_title_title sc_align_left sc_item_title_style_default\"> UNSERE ANLAGE<\/h3><\/div><!-- \/.sc_title -->[vc_empty_space hide_on_mobile=&#8220;&#8220;][\/vc_column][\/vc_row][vc_row][vc_column][vc_column_text]<strong>Gel\u00e4nde<\/strong><\/p>\n<p>25 gro\u00dfz\u00fcgige Pl\u00e4tze , davon 25 mit Stromanschluss<br \/>\nParkplatz ( zentrales Parken w\u00e4hrend der Hauptsaison )<br \/>\nSchwimmbad mit Liegen<br \/>\nWiFi&nbsp;<br \/>\nDEFIBRILLATOR<\/p>\n<p><strong>Bergerie<\/strong><\/p>\n<p>In der Bergerie bekommen Sie alles was mit EssenTrinken, Freizeitgestaltung und Gem\u00fctlichkeit zu tun hat.<br \/>\nSie k\u00f6nnen t\u00e4glich frisches Brot bestellen<br \/>\nB\u00fccherei<br \/>\nGesellschaftsspiele \/ Brettspiele<br \/>\n2 Terrassen<br \/>\nAu\u00dfen bar mit \u00fcberdachter Terrasse<\/p>\n<p><strong>zu Mieten<\/strong><\/p>\n<p>Cabane<br \/>\nSafariezelt<br \/>\nK\u00fchlschrank<\/p>\n<p><strong>Sanit\u00e4re Anlage<\/strong><\/p>\n<p>5 warme Duschen<br \/>\n4 Waschtische<br \/>\n4 Sp\u00fclbecken mit hei\u00dfem Wasser<br \/>\n1 handwaschstelle f\u00fcr Kleidung<br \/>\n5 Toiletten<br \/>\nBabybadewanne<br \/>\nWaschmaschine<br \/>\nTrockner<br \/>\nZentrifuge<br \/>\nMikrowelle<br \/>\nGefrierschrank<br \/>\nToilettenpapier, Handseife, Sp\u00fclmittel und Duschgel ist vorhanden.<br \/>\nChemische Toiletten mit gr\u00fcner F\u00fcllung k\u00f6nnen auf dem Campingplatz entleert werden.<\/p>\n<p><strong>Sonstiges<\/strong><\/p>\n<p>Boulodrome<br \/>\nTischtennis<br \/>\nRutsche<br \/>\nSchaukel<br \/>\nSandkasten<br \/>\nTrampolin<br \/>\nH\u00fcttenwald<br \/>\nFahrr\u00e4der, Roller, Jeu de Boules und andere Spielsachen[\/vc_column_text][\/vc_column][\/vc_row]<\/p>\n<\/div>","protected":false},"excerpt":{"rendered":"<p>[vc_row][vc_column][vc_empty_space hide_on_mobile=&#8220;&#8220;][\/vc_column][\/vc_row][vc_row][vc_column][vc_column_text]Gel\u00e4nde 25 gro\u00dfz\u00fcgige Pl\u00e4tze , davon 25 mit Stromanschluss Parkplatz ( zentrales Parken w\u00e4hrend der Hauptsaison ) Schwimmbad mit Liegen WiFi&nbsp; DEFIBRILLATOR Bergerie In der Bergerie bekommen Sie alles was mit EssenTrinken, Freizeitgestaltung und Gem\u00fctlichkeit zu tun hat. Sie k\u00f6nnen t\u00e4glich frisches Brot bestellen B\u00fccherei Gesellschaftsspiele \/ Brettspiele 2 Terrassen Au\u00dfen bar mit \u00fcberdachter Terrasse zu Mieten Cabane Safariezelt&hellip;<\/p>\n","protected":false},"author":1,"featured_media":0,"parent":0,"menu_order":0,"comment_status":"closed","ping_status":"closed","template":"","meta":{"ngg_post_thumbnail":0,"_joinchat":[],"footnotes":""},"class_list":["post-2647","page","type-page","status-publish","hentry"],"_links":{"self":[{"href":"https:\/\/campinglemerou.com\/de\/wp-json\/wp\/v2\/pages\/2647","targetHints":{"allow":["GET"]}}],"collection":[{"href":"https:\/\/campinglemerou.com\/de\/wp-json\/wp\/v2\/pages"}],"about":[{"href":"https:\/\/campinglemerou.com\/de\/wp-json\/wp\/v2\/types\/page"}],"author":[{"embeddable":true,"href":"https:\/\/campinglemerou.com\/de\/wp-json\/wp\/v2\/users\/1"}],"replies":[{"embeddable":true,"href":"https:\/\/campinglemerou.com\/de\/wp-json\/wp\/v2\/comments?post=2647"}],"version-history":[{"count":2,"href":"https:\/\/campinglemerou.com\/de\/wp-json\/wp\/v2\/pages\/2647\/revisions"}],"predecessor-version":[{"id":2652,"href":"https:\/\/campinglemerou.com\/de\/wp-json\/wp\/v2\/pages\/2647\/revisions\/2652"}],"wp:attachment":[{"href":"https:\/\/campinglemerou.com\/de\/wp-json\/wp\/v2\/media?parent=2647"}],"curies":[{"name":"wp","href":"https:\/\/api.w.org\/{rel}","templated":true}]}}