{"id":2622,"date":"2022-03-02T13:57:21","date_gmt":"2022-03-02T12:57:21","guid":{"rendered":"https:\/\/emhd.nl\/concept\/lemerou\/kampeerplaatsen\/"},"modified":"2022-04-11T19:10:23","modified_gmt":"2022-04-11T18:10:23","slug":"parzelle","status":"publish","type":"page","link":"https:\/\/campinglemerou.com\/de\/parzelle\/","title":{"rendered":"Parzelle"},"content":{"rendered":"<div class=\"wpb-content-wrapper\"><p>[vc_row][vc_column]<div id=\"sc_title_1260083345\"\r\n\t\tclass=\"sc_title sc_title_default\"><h3 class=\"sc_item_title sc_title_title sc_align_left sc_item_title_style_default\">PARZELLE<\/h3><\/div><!-- \/.sc_title -->[vc_empty_space hide_on_mobile=&#8220;&#8220;][\/vc_column][\/vc_row][vc_row][vc_column][vc_column_text]Sie m\u00f6chten viel Platz und Ruhe genie\u00dfen? Dann sind Sie auf \u201eLe Merou\u201c an der richtigen Adresse.<br \/>\nUnsere Parzellen sind mindestens 130 m\u00b2 gro\u00df und sind auf drei Felder verteilt.<br \/>\nUnter B\u00e4umen oder doch lieber auf dem freien Feld mit Ausblick \u00fcber die L\u00e4ndereien?<br \/>\nEs ist alles m\u00f6glich. Es ist Ihnen \u00fcberlassen, Ihre Parzelle auszuw\u00e4hlen. Fast alle Pl\u00e4tze sind am Stromnetz angeschlossen.<br \/>\nWenn Sie m\u00f6chten k\u00f6nnen Sie sich mit Ihrem Zelt oder Faltwagen eine freie Stelle im Wald aussuchen.[\/vc_column_text][\/vc_column][\/vc_row][vc_row][vc_column][vc_column_text]<\/p>\n<p>ngg_shortcode_0_placeholder[\/vc_column_text][\/vc_column][\/vc_row]<\/p>\n<\/div>","protected":false},"excerpt":{"rendered":"<p>[vc_row][vc_column][vc_empty_space hide_on_mobile=&#8220;&#8220;][\/vc_column][\/vc_row][vc_row][vc_column][vc_column_text]Sie m\u00f6chten viel Platz und Ruhe genie\u00dfen? Dann sind Sie auf \u201eLe Merou\u201c an der richtigen Adresse. Unsere Parzellen sind mindestens 130 m\u00b2 gro\u00df und sind auf drei Felder verteilt. Unter B\u00e4umen oder doch lieber auf dem freien Feld mit Ausblick \u00fcber die L\u00e4ndereien? Es ist alles m\u00f6glich. Es ist Ihnen \u00fcberlassen, Ihre Parzelle auszuw\u00e4hlen. Fast alle Pl\u00e4tze sind&hellip;<\/p>\n","protected":false},"author":1,"featured_media":0,"parent":0,"menu_order":0,"comment_status":"closed","ping_status":"closed","template":"","meta":{"ngg_post_thumbnail":0,"_joinchat":[],"footnotes":""},"class_list":["post-2622","page","type-page","status-publish","hentry"],"_links":{"self":[{"href":"https:\/\/campinglemerou.com\/de\/wp-json\/wp\/v2\/pages\/2622","targetHints":{"allow":["GET"]}}],"collection":[{"href":"https:\/\/campinglemerou.com\/de\/wp-json\/wp\/v2\/pages"}],"about":[{"href":"https:\/\/campinglemerou.com\/de\/wp-json\/wp\/v2\/types\/page"}],"author":[{"embeddable":true,"href":"https:\/\/campinglemerou.com\/de\/wp-json\/wp\/v2\/users\/1"}],"replies":[{"embeddable":true,"href":"https:\/\/campinglemerou.com\/de\/wp-json\/wp\/v2\/comments?post=2622"}],"version-history":[{"count":1,"href":"https:\/\/campinglemerou.com\/de\/wp-json\/wp\/v2\/pages\/2622\/revisions"}],"predecessor-version":[{"id":2644,"href":"https:\/\/campinglemerou.com\/de\/wp-json\/wp\/v2\/pages\/2622\/revisions\/2644"}],"wp:attachment":[{"href":"https:\/\/campinglemerou.com\/de\/wp-json\/wp\/v2\/media?parent=2622"}],"curies":[{"name":"wp","href":"https:\/\/api.w.org\/{rel}","templated":true}]}}