{"id":2180,"date":"2022-03-02T13:52:12","date_gmt":"2022-03-02T12:52:12","guid":{"rendered":"https:\/\/emhd.nl\/concept\/lemerou\/verhuur\/"},"modified":"2022-04-11T18:47:41","modified_gmt":"2022-04-11T17:47:41","slug":"mietangebot","status":"publish","type":"page","link":"https:\/\/campinglemerou.com\/de\/mietangebot\/","title":{"rendered":"Mietangebot"},"content":{"rendered":"<div class=\"wpb-content-wrapper\"><p>[vc_row][vc_column]<div id=\"sc_title_1118245031\"\r\n\t\tclass=\"sc_title sc_title_default\"><h3 class=\"sc_item_title sc_title_title sc_align_left sc_item_title_style_default\">MIETANGEBOT<\/h3><\/div><!-- \/.sc_title -->[vc_empty_space hide_on_mobile=&#8220;&#8220;][vc_column_text]Sie m\u00f6chten in den Urlaub fahren ohne viel Gep\u00e4ck schleppen zu m\u00fcssen aber nicht auf den Luxus einer guten Matratze zu verzichten? Dann mieten Sie sich doch eine Cabane oder Safariezelt.[\/vc_column_text][vc_empty_space alter_height=&#8220;medium&#8220; hide_on_mobile=&#8220;&#8220;][\/vc_column][\/vc_row][vc_row][vc_column][vc_column_text]<strong>Safariezelt<br \/>\n<\/strong>Ein Zelt, aber doch ein wenig anders.<br \/>\nEin sehr ger\u00e4umiges Zelt wo man \u00fcberall aufrecht stehen kann plus eine eigene Veranda.<br \/>\nDas Zelt ist mit Luxusbetten und Matratzen, einer Essecke und einer K\u00fcche, die mit allem n\u00f6tige best\u00fcckt ist ausgestattet.<br \/>\nDas Safariezelt ist f\u00fcr 4 Personen ausgelegt.<br \/>\nDer Innenraum misst 5\u00d75 Meter, die Veranda 5\u00d73 Meter.<br \/>\nToiletten und Duschen k\u00f6nnen Sie im Sanit\u00e4rgeb\u00e4ude benutzen.[\/vc_column_text][vc_column_text]<\/p>\n<p>ngg_shortcode_0_placeholder[\/vc_column_text][\/vc_column][\/vc_row][vc_row][vc_column][vc_empty_space alter_height=&#8220;medium&#8220; hide_on_mobile=&#8220;&#8220;][vc_column_text]<strong>Cabane<br \/>\n<\/strong>Die Cabane besteht aus 3 R\u00e4umen, jeder Raum misst 3\u00d73 Meter.<br \/>\nEs gibt eine komplett eingerichtete, offene Wohnk\u00fcche und zwei Zweipersonenschlafzimmer.<br \/>\nAuch hier stehen Ihnen luxuri\u00f6se Betten zur Verf\u00fcgung, mit sehr komfortablen Matratzen.<br \/>\nDie Veranda liegt auf der S\u00fcdseite.<br \/>\nToiletten und Duschen k\u00f6nnen Sie im Sanit\u00e4rgeb\u00e4ude benutzen.[\/vc_column_text][vc_column_text]<\/p>\n<p>ngg_shortcode_1_placeholder[\/vc_column_text][\/vc_column][\/vc_row]<\/p>\n<\/div>","protected":false},"excerpt":{"rendered":"<p>[vc_row][vc_column][vc_empty_space hide_on_mobile=&#8220;&#8220;][vc_column_text]Sie m\u00f6chten in den Urlaub fahren ohne viel Gep\u00e4ck schleppen zu m\u00fcssen aber nicht auf den Luxus einer guten Matratze zu verzichten? Dann mieten Sie sich doch eine Cabane oder Safariezelt.[\/vc_column_text][vc_empty_space alter_height=&#8220;medium&#8220; hide_on_mobile=&#8220;&#8220;][\/vc_column][\/vc_row][vc_row][vc_column][vc_column_text]Safariezelt Ein Zelt, aber doch ein wenig anders. Ein sehr ger\u00e4umiges Zelt wo man \u00fcberall aufrecht stehen kann plus eine eigene Veranda. Das Zelt ist mit Luxusbetten&hellip;<\/p>\n","protected":false},"author":1,"featured_media":0,"parent":0,"menu_order":0,"comment_status":"closed","ping_status":"closed","template":"","meta":{"ngg_post_thumbnail":0,"_joinchat":[],"footnotes":""},"class_list":["post-2180","page","type-page","status-publish","hentry"],"_links":{"self":[{"href":"https:\/\/campinglemerou.com\/de\/wp-json\/wp\/v2\/pages\/2180","targetHints":{"allow":["GET"]}}],"collection":[{"href":"https:\/\/campinglemerou.com\/de\/wp-json\/wp\/v2\/pages"}],"about":[{"href":"https:\/\/campinglemerou.com\/de\/wp-json\/wp\/v2\/types\/page"}],"author":[{"embeddable":true,"href":"https:\/\/campinglemerou.com\/de\/wp-json\/wp\/v2\/users\/1"}],"replies":[{"embeddable":true,"href":"https:\/\/campinglemerou.com\/de\/wp-json\/wp\/v2\/comments?post=2180"}],"version-history":[{"count":41,"href":"https:\/\/campinglemerou.com\/de\/wp-json\/wp\/v2\/pages\/2180\/revisions"}],"predecessor-version":[{"id":2619,"href":"https:\/\/campinglemerou.com\/de\/wp-json\/wp\/v2\/pages\/2180\/revisions\/2619"}],"wp:attachment":[{"href":"https:\/\/campinglemerou.com\/de\/wp-json\/wp\/v2\/media?parent=2180"}],"curies":[{"name":"wp","href":"https:\/\/api.w.org\/{rel}","templated":true}]}}