{"id":1237,"date":"2017-03-23T10:41:56","date_gmt":"2017-03-23T09:41:56","guid":{"rendered":"https:\/\/emhd.nl\/concept\/lemerou\/home-1\/"},"modified":"2022-04-12T10:01:17","modified_gmt":"2022-04-12T09:01:17","slug":"home-1","status":"publish","type":"page","link":"https:\/\/campinglemerou.com\/de\/","title":{"rendered":"Homepage"},"content":{"rendered":"<div class=\"wpb-content-wrapper\"><p>[vc_row 0=&#8220;&#8220; full_width=&#8220;stretch_row&#8220;][vc_column 0=&#8220;&#8220;][rev_slider_vc alias=&#8220;home-1&#8243;][vc_empty_space alter_height=&#8220;huge&#8220; hide_on_mobile=&#8220;&#8220;][\/vc_column][\/vc_row][vc_row][vc_column width=&#8220;1\/3&#8243;]<div id=\"sc_title_4350868\"\r\n\t\tclass=\"sc_title sc_title_default\"><h3 class=\"sc_item_title sc_title_title sc_align_center sc_item_title_style_default\">VERMIETUNG SAFARIZELT<\/h3><\/div><!-- \/.sc_title -->[vc_empty_space hide_on_mobile=&#8220;&#8220;][vc_single_image image=&#8220;1121&#8243; img_size=&#8220;full&#8220; alignment=&#8220;center&#8220; onclick=&#8220;custom_link&#8220; link=&#8220;https:\/\/emhd.nl\/concept\/lemerou\/de\/mietangebot\/&#8220;][vc_empty_space alter_height=&#8220;huge&#8220; hide_on_mobile=&#8220;&#8220;][\/vc_column][vc_column width=&#8220;1\/3&#8243;]<div id=\"sc_title_1985517537\"\r\n\t\tclass=\"sc_title sc_title_default\"><h3 class=\"sc_item_title sc_title_title sc_align_center sc_item_title_style_default\">VERMIETUNG CABANE<\/h3><\/div><!-- \/.sc_title -->[vc_empty_space hide_on_mobile=&#8220;&#8220;][vc_single_image image=&#8220;1125&#8243; img_size=&#8220;full&#8220; alignment=&#8220;center&#8220; onclick=&#8220;custom_link&#8220; link=&#8220;https:\/\/emhd.nl\/concept\/lemerou\/de\/mietangebot\/&#8220;][vc_empty_space alter_height=&#8220;huge&#8220; hide_on_mobile=&#8220;&#8220;][\/vc_column][vc_column width=&#8220;1\/3&#8243;]<div id=\"sc_title_235331098\"\r\n\t\tclass=\"sc_title sc_title_default\"><h3 class=\"sc_item_title sc_title_title sc_align_center sc_item_title_style_default\">GEL\u00c4NDE<\/h3><\/div><!-- \/.sc_title -->[vc_empty_space hide_on_mobile=&#8220;&#8220;][vc_single_image image=&#8220;1126&#8243; img_size=&#8220;full&#8220; alignment=&#8220;center&#8220; onclick=&#8220;custom_link&#8220; link=&#8220;https:\/\/emhd.nl\/concept\/lemerou\/de\/gelande\/&#8220;][vc_empty_space alter_height=&#8220;huge&#8220; hide_on_mobile=&#8220;&#8220;][\/vc_column][\/vc_row][vc_row][vc_column width=&#8220;1\/4&#8243;][vc_single_image image=&#8220;1144&#8243; img_size=&#8220;full&#8220;][vc_empty_space alter_height=&#8220;huge&#8220; hide_on_mobile=&#8220;&#8220;][\/vc_column][vc_column width=&#8220;3\/4&#8243;]<div id=\"sc_title_1424185360\"\r\n\t\tclass=\"sc_title sc_title_default\"><h3 class=\"sc_item_title sc_title_title sc_align_left sc_item_title_style_default\">WILLKOMMEN AUF UNSERER WEBSEITE FREI K\u00d6RPER KULTUR CAMPING LE MEROU***<\/h3><\/div><!-- \/.sc_title -->[vc_empty_space alter_height=&#8220;medium&#8220; hide_on_mobile=&#8220;&#8220;][vc_column_text]Haben Sie mal keine Lust auf Verpflichtungen?<br \/>\nSie m\u00f6chten nichts anderes als l\u00e4ssig am Pool abh\u00e4ngen und sich ab und zu eine kleine Erfrischung im Schwimmbad zu g\u00f6nnen. Ein Glas Wein, Cappuccino oder Tee auf unserer Terrasse zu genie\u00dfen mit oder ohne einen leckeren Snack oder auch einem St\u00fcck K\u00e4se. Sie m\u00f6chten sich mal total entspannen, dann sind Sie bei uns an der richtigen Adresse!<\/p>\n<p>F\u00fcr Ihre Kinder mal kein Hecktisches Programm? M\u00f6chten Sie das Ihre Kinder mal einfach selber kreativ den ganzen Tag spielen k\u00f6nnen? Auch das ist bei uns m\u00f6glich. Kinder k\u00f6nnen hier den ganzen Tag im Wald spielen und es besteht auch die M\u00f6glichkeit, H\u00fctten zu bauen in unserem H\u00fcttenwald.<br \/>\nF\u00fcr unsere Bastelfans haben wir eine Bastelecke.<\/p>\n<p>Le Merou liegt in der Tarn et Garonne auf dem Causse de Limone, in der N\u00e4he des mittelalterlichen St\u00e4dtchen Caylus und ca. 35 Km s\u00fcdlich von Cahors. Le Merou ist sehr einfach zu erreichen, auch f\u00fcr Camper und Campingwagen bis 7 Meter, und nur eine halbe Stunde von der Autobahn A 20 entfernt.<\/p>\n<p>Wir w\u00fcnschen Ihnen im Voraus schon mal eine sehr sch\u00f6ne und sonnige und nackte Sommersaison.<\/p>\n<p>Mit freundlichen Gr\u00fc\u00dfen<br \/>\nBert und Mia Angenent[\/vc_column_text][vc_empty_space alter_height=&#8220;huge&#8220; hide_on_mobile=&#8220;&#8220;][\/vc_column][\/vc_row][vc_row][vc_column][vc_wp_text]\n\t\t<style>\n\t\t\t#wpls-logo-showcase-slider-1 .wpls-fix-box,\n\t\t\t#wpls-logo-showcase-slider-1 .wpls-fix-box img.wp-post-image{max-height:250px; }\n\t\t<\/style>\n\n\t\t<div class=\"wpls-wrap wpls-logo-showcase-slider-wrp wpls-logo-clearfix wpls-design-1 \" data-conf=\"{&quot;slides_column&quot;:&quot;3&quot;,&quot;slides_scroll&quot;:1,&quot;dots&quot;:&quot;true&quot;,&quot;arrows&quot;:&quot;true&quot;,&quot;autoplay&quot;:&quot;true&quot;,&quot;autoplay_interval&quot;:3000,&quot;loop&quot;:&quot;true&quot;,&quot;rtl&quot;:&quot;false&quot;,&quot;speed&quot;:800,&quot;center_mode&quot;:&quot;false&quot;,&quot;lazyload&quot;:&quot;&quot;}\">\n\t\t\t<div class=\"wpls-logo-showcase logo_showcase wpls-logo-slider  sliderimage_hide_border \" id=\"wpls-logo-showcase-slider-1\" >\n\t\t\t\t<div class=\"wpls-logo-cnt\">\n\t<div class=\"wpls-fix-box\">\n\t\t\t\t<a href=\"https:\/\/blootkompas.nl\/locaties\/naturistencamping-domaine-le-merou\/\" target=\"_self\">\n\t\t\t<img decoding=\"async\" class=\"wp-post-image\"  src=\"https:\/\/campinglemerou.com\/wp-content\/uploads\/2022\/03\/blootkompas.png\" alt=\"\" \/>\n\t\t<\/a>\n\t\t\t<\/div>\n\t<\/div><div class=\"wpls-logo-cnt\">\n\t<div class=\"wpls-fix-box\">\n\t\t\t\t<img decoding=\"async\" class=\"wp-post-image\"  src=\"https:\/\/campinglemerou.com\/wp-content\/uploads\/2022\/03\/aed-225x300-1.jpg\" alt=\"\" \/>\n\t\t\t<\/div>\n\t<\/div><div class=\"wpls-logo-cnt\">\n\t<div class=\"wpls-fix-box\">\n\t\t\t\t<img decoding=\"async\" class=\"wp-post-image\"  src=\"https:\/\/campinglemerou.com\/wp-content\/uploads\/2022\/03\/wifi-300x225-1.jpg\" alt=\"\" \/>\n\t\t\t<\/div>\n\t<\/div>\t\t\t<\/div>\n\t\t<\/div>\n\n\t\t[\/vc_wp_text][\/vc_column][\/vc_row]<\/p>\n<\/div>","protected":false},"excerpt":{"rendered":"<p>[vc_row 0=&#8220;&#8220; full_width=&#8220;stretch_row&#8220;][vc_column 0=&#8220;&#8220;][rev_slider_vc alias=&#8220;home-1&#8243;][vc_empty_space alter_height=&#8220;huge&#8220; hide_on_mobile=&#8220;&#8220;][\/vc_column][\/vc_row][vc_row][vc_column width=&#8220;1\/3&#8243;][vc_empty_space hide_on_mobile=&#8220;&#8220;][vc_single_image image=&#8220;1121&#8243; img_size=&#8220;full&#8220; alignment=&#8220;center&#8220; onclick=&#8220;custom_link&#8220; link=&#8220;https:\/\/emhd.nl\/concept\/lemerou\/de\/mietangebot\/&#8220;][vc_empty_space alter_height=&#8220;huge&#8220; hide_on_mobile=&#8220;&#8220;][\/vc_column][vc_column width=&#8220;1\/3&#8243;][vc_empty_space hide_on_mobile=&#8220;&#8220;][vc_single_image image=&#8220;1125&#8243; img_size=&#8220;full&#8220; alignment=&#8220;center&#8220; onclick=&#8220;custom_link&#8220; link=&#8220;https:\/\/emhd.nl\/concept\/lemerou\/de\/mietangebot\/&#8220;][vc_empty_space alter_height=&#8220;huge&#8220; hide_on_mobile=&#8220;&#8220;][\/vc_column][vc_column width=&#8220;1\/3&#8243;][vc_empty_space hide_on_mobile=&#8220;&#8220;][vc_single_image image=&#8220;1126&#8243; img_size=&#8220;full&#8220; alignment=&#8220;center&#8220; onclick=&#8220;custom_link&#8220; link=&#8220;https:\/\/emhd.nl\/concept\/lemerou\/de\/gelande\/&#8220;][vc_empty_space alter_height=&#8220;huge&#8220; hide_on_mobile=&#8220;&#8220;][\/vc_column][\/vc_row][vc_row][vc_column width=&#8220;1\/4&#8243;][vc_single_image image=&#8220;1144&#8243; img_size=&#8220;full&#8220;][vc_empty_space alter_height=&#8220;huge&#8220; hide_on_mobile=&#8220;&#8220;][\/vc_column][vc_column width=&#8220;3\/4&#8243;][vc_empty_space alter_height=&#8220;medium&#8220; hide_on_mobile=&#8220;&#8220;][vc_column_text]Haben Sie mal keine Lust auf Verpflichtungen? Sie m\u00f6chten nichts anderes als l\u00e4ssig am Pool abh\u00e4ngen und sich ab&hellip;<\/p>\n","protected":false},"author":1,"featured_media":0,"parent":0,"menu_order":0,"comment_status":"closed","ping_status":"closed","template":"","meta":{"ngg_post_thumbnail":0,"_joinchat":[],"footnotes":""},"class_list":["post-1237","page","type-page","status-publish","hentry"],"_links":{"self":[{"href":"https:\/\/campinglemerou.com\/de\/wp-json\/wp\/v2\/pages\/1237","targetHints":{"allow":["GET"]}}],"collection":[{"href":"https:\/\/campinglemerou.com\/de\/wp-json\/wp\/v2\/pages"}],"about":[{"href":"https:\/\/campinglemerou.com\/de\/wp-json\/wp\/v2\/types\/page"}],"author":[{"embeddable":true,"href":"https:\/\/campinglemerou.com\/de\/wp-json\/wp\/v2\/users\/1"}],"replies":[{"embeddable":true,"href":"https:\/\/campinglemerou.com\/de\/wp-json\/wp\/v2\/comments?post=1237"}],"version-history":[{"count":22,"href":"https:\/\/campinglemerou.com\/de\/wp-json\/wp\/v2\/pages\/1237\/revisions"}],"predecessor-version":[{"id":2779,"href":"https:\/\/campinglemerou.com\/de\/wp-json\/wp\/v2\/pages\/1237\/revisions\/2779"}],"wp:attachment":[{"href":"https:\/\/campinglemerou.com\/de\/wp-json\/wp\/v2\/media?parent=1237"}],"curies":[{"name":"wp","href":"https:\/\/api.w.org\/{rel}","templated":true}]}}